{"id":1134,"date":"2018-01-27T12:55:44","date_gmt":"2018-01-27T12:55:44","guid":{"rendered":"http:\/\/paraoa-freediving.com\/de\/?page_id=1134"},"modified":"2018-02-26T14:19:04","modified_gmt":"2018-02-26T14:19:04","slug":"speiseoele","status":"publish","type":"page","link":"https:\/\/paraoa-freediving.com\/de\/about\/avoid-1\/speiseoele\/","title":{"rendered":"Speise\u00f6le"},"content":{"rendered":"<p><strong><span style=\"text-decoration: underline;\"><span lang=\"en-US\">Ersteinmal, wie erkenne ich ein gutes Speise\u00f6l:<\/span><\/span><\/strong><\/p>\n<p><span lang=\"en-US\"><img decoding=\"async\" loading=\"lazy\" class=\"alignright\" src=\"http:\/\/paraoa-freediving.com\/wp-content\/uploads\/2017\/07\/Udos-259x300.jpg\" alt=\"Udo's\" width=\"242\" height=\"280\" \/><\/span><\/p>\n<ul>\n<li><span lang=\"en-US\">Es wird gelagert in dunklen Glasflaschen, um es vor Licht zu sch\u00fctzen, welches ihm schadet!<\/span><\/li>\n<li><span lang=\"en-US\">Es wird gelagert bei niedrigen Temperaturen, um\u00a0 es vor W\u00e4rme zu sch\u00fctzen, welches dem \u00d6l schadet!<\/span><\/li>\n<li><span lang=\"en-US\">Es wird gelagert in sauerstofffreier Umgebung, Sauerstoff schadet dem \u00d6l auch!<\/span><\/li>\n<li><span lang=\"en-US\">Es wird produziert unter Aufwendung geringer Hitze oder kalt!<\/span><\/li>\n<li><span lang=\"en-US\">Ein gutes \u00d6l ist nie geschmacklos und schmeckt nach seinen Samen!<br \/>\n<\/span><\/li>\n<\/ul>\n<p>&nbsp;<\/p>\n<p>&nbsp;<\/p>\n<p><span style=\"text-decoration: underline;\"><strong><span lang=\"en-US\">Sch\u00e4den verursacht an den meisten Speise\u00f6len welche ihr im Supermarkt kauft:<br \/>\n<\/span><\/strong><\/span><\/p>\n<p><span lang=\"en-US\"><img decoding=\"async\" loading=\"lazy\" class=\"alignright\" src=\"http:\/\/paraoa-freediving.com\/wp-content\/uploads\/2017\/07\/oil-supermarket-300x191.jpg\" alt=\"oil supermarket\" width=\"300\" height=\"191\" \/><\/span><\/p>\n<ul>\n<li><span lang=\"en-US\">Sie werden mit Lauge behandelt (Drano oder Natrium Hydroxide)!<br \/>\n<\/span><\/li>\n<li><span lang=\"en-US\">Sie werden behandelt mit Fensterwaschs\u00e4ure!<br \/>\n<\/span><\/li>\n<li><span lang=\"en-US\">Sie werden mit Bleichungsmittel behandelt bei dem sie ranzig (ungenie\u00dfbar) werden!<br \/>\n<\/span><\/li>\n<li><span lang=\"en-US\">Als letztes werden sie auf Bratentemperatur erhitzt um sie geruchsfrei von dem ranzigen Geruch zu machen, welcher entstand, bei den ersten 3 Prozessen!<br \/>\n<\/span><\/li>\n<\/ul>\n<p>&nbsp;<\/p>\n<p><span lang=\"en-US\">Diese Prozesse sind gemacht worden, um die Haltbarkeitsdauer des \u00d6les zu erh\u00f6hen! Diese \u00d6le sind giftig f\u00fcr den K\u00f6rper und richten gro\u00dfen Schaden an!<br \/>\n<\/span><\/p>\n<p>Zus\u00e4tzlich sind die meisten im Supermarkt befindlichen \u00d6le in Plastikflaschen (PET Flaschen) abgef\u00fcllt!(Chemikalien laugen aus vom Plastik ins \u00d6l)<\/p>\n<p><span lang=\"en-US\">Ein \u00e4hnlicher Prozess findet mit Sojabohnen statt, lese hier (nur in Englisch)<\/span> <span lang=\"en-US\">:<\/span><\/p>\n<p><a href=\"http:\/\/www.sweetliberty.org\/issues\/health\/drano.html\" target=\"_blank\" rel=\"noopener\"><span lang=\"en-US\">http:\/\/www.sweetliberty.org\/issues\/health\/drano.html<\/span><\/a><\/p>\n<p>Leider habe ich keinen passenden Sachbeitrag zum Thema Speis\u00f6l in deutscher Sprache gefunden. Ich verweise daher auf den Artikel auf meiner englischsprachigen Seite oder hier der link&#8230;.<\/p>\n<p><a href=\"https:\/\/healthwyze.org\/reports\/539-why-rancid-healthy-oils-are-more-dangerous-than-the-bad-oils\" target=\"_blank\" rel=\"noopener\">https:\/\/healthwyze.org\/reports\/539-why-rancid-healthy-oils-are-more-dangerous-than-the-bad-oils<\/a><\/p>\n<p><span style=\"text-decoration: underline;\"><span lang=\"de-DE\">Bitte hier nach dem Artikel weiterlesen:<\/span><\/span><\/p>\n<p>Immer wenn ein \u00d6l zu stark erw\u00e4rmt wird, durchl\u00e4uft es einen chemischen Zusammenbruch, <span lang=\"de-DE\">welcher dazu f\u00fchrt, dass<\/span><span lang=\"de-DE\"> es ranzig <\/span><span lang=\"de-DE\">(ungeniessbar) <\/span><span lang=\"de-DE\">wird. D<\/span><span lang=\"de-DE\">er Hitze-<\/span><span lang=\"de-DE\">induzierte <\/span><span lang=\"de-DE\">Prozess<\/span><span lang=\"de-DE\"> kann gesunde \u00d6le in gef\u00e4hrliche \u00d6le verwandeln (erzeugt gesundheitsgef\u00e4hrdende Substanzen). <\/span><\/p>\n<p><span lang=\"de-DE\">Deshalb sollte nur Fett\/<\/span><span lang=\"de-DE\">\u00d6l<\/span><span lang=\"de-DE\"> mit einem hohen Rauchpunkt hoch erhitzt werden.<br \/>\nDer Rauchpunkt h\u00e4ngt von der L\u00e4nge der Molek\u00fclketten ab. Je l\u00e4nger die Molek\u00fclkette ist, desto h\u00f6her ist der Rauchpunkt. Kurzkettige Fetts\u00e4uren, zum Beispiel Butters\u00e4ure in Butterfett oder auch freie Fetts\u00e4uren in reinen Fetten und \u00d6len f\u00fchren zu niedrigen Rauchpunkten!<\/span><\/p>\n<p><img decoding=\"async\" loading=\"lazy\" class=\"wp-image-783 aligncenter\" src=\"http:\/\/paraoa-freediving.com\/wp-content\/uploads\/2017\/07\/Smoke-Table-croped-266x300.jpg\" alt=\"Smoke Table croped\" width=\"463\" height=\"522\" srcset=\"https:\/\/paraoa-freediving.com\/wp-content\/uploads\/2017\/07\/Smoke-Table-croped-266x300.jpg 266w, https:\/\/paraoa-freediving.com\/wp-content\/uploads\/2017\/07\/Smoke-Table-croped-768x865.jpg 768w, https:\/\/paraoa-freediving.com\/wp-content\/uploads\/2017\/07\/Smoke-Table-croped-910x1024.jpg 910w\" sizes=\"(max-width: 463px) 100vw, 463px\" \/><\/p>\n<p>\u00d6le, die als raffiniert gekennzeichnet sind, sind die Standardversionen, welche in den meisten Superm\u00e4rkten verkauft werden und welche mit den oben aufgef\u00fchrten Verfahren behandelt worden sind. Bitte beachtet, dass Raps und Mais\u00f6le zunehmend auch im europ\u00e4hischen Raum), Sojabohnen ausschlie\u00dflich gentechnisch ver\u00e4ndert sind.<\/p>\n<p>Quelle :<\/p>\n<p><a href=\"http:\/\/healthwyze.org\/reports\/539-why-rancid-healthy-oils-are-more-dangerous-than-the-bad-oils\" target=\"_blank\" rel=\"noopener\">http:\/\/healthwyze.org\/reports\/539-why-rancid-healthy-oils-are-more-dangerous-than-the-bad-oils<\/a><\/p>\n<p>&nbsp;<\/p>\n<p>\u2192 N\u00e4chste:<a href=\"http:\/\/paraoa-freediving.com\/de\/about\/avoid-1\/auszugsmehle\/\" target=\"_blank\" rel=\"noopener\">\u00a0Auszugsmehle<\/a><\/p>\n","protected":false},"excerpt":{"rendered":"<p>Ersteinmal, wie erkenne ich ein gutes Speise\u00f6l: Es wird gelagert in dunklen Glasflaschen, um es vor Licht zu sch\u00fctzen, welches ihm schadet! Es wird gelagert bei niedrigen Temperaturen, um\u00a0 es vor W\u00e4rme zu sch\u00fctzen, welches dem \u00d6l schadet! Es wird gelagert in sauerstofffreier Umgebung, Sauerstoff schadet dem \u00d6l auch! Es wird produziert unter Aufwendung geringer [&hellip;]<\/p>\n","protected":false},"author":2,"featured_media":0,"parent":694,"menu_order":10,"comment_status":"closed","ping_status":"closed","template":"","meta":[],"yoast_head":"<!-- This site is optimized with the Yoast SEO plugin v19.14 - https:\/\/yoast.com\/wordpress\/plugins\/seo\/ -->\n<title>Speise\u00f6le | Par\u0101oa Freediving in Moalboal Philippines<\/title>\n<meta name=\"description\" content=\"Ersteinmal, wie erkenne ich ein gutes Speise\u00f6l.... Es wird gelagert in dunklen Glasflaschen, um es vor Licht zu sch\u00fctzen, welches ihm schadet!Sch\u00e4den verursacht an den meisten Speise\u00f6len welche ihr im Supermarkt kauft...Sch\u00e4den verursacht an den meisten Speise\u00f6len welche ihr im Supermarkt kauft:\" \/>\n<meta name=\"robots\" content=\"index, follow, max-snippet:-1, max-image-preview:large, max-video-preview:-1\" \/>\n<link rel=\"canonical\" href=\"https:\/\/paraoa-freediving.com\/de\/about\/avoid-1\/speiseoele\/\" \/>\n<meta property=\"og:locale\" content=\"de_DE\" \/>\n<meta property=\"og:type\" content=\"article\" \/>\n<meta property=\"og:title\" content=\"Speise\u00f6le | Par\u0101oa Freediving in Moalboal Philippines\" \/>\n<meta property=\"og:description\" content=\"Ersteinmal, wie erkenne ich ein gutes Speise\u00f6l.... Es wird gelagert in dunklen Glasflaschen, um es vor Licht zu sch\u00fctzen, welches ihm schadet!Sch\u00e4den verursacht an den meisten Speise\u00f6len welche ihr im Supermarkt kauft...Sch\u00e4den verursacht an den meisten Speise\u00f6len welche ihr im Supermarkt kauft:\" \/>\n<meta property=\"og:url\" content=\"https:\/\/paraoa-freediving.com\/de\/about\/avoid-1\/speiseoele\/\" \/>\n<meta property=\"og:site_name\" content=\"Par\u0101oa Freediving in Moalboal Philippines\" \/>\n<meta property=\"article:modified_time\" content=\"2018-02-26T14:19:04+00:00\" \/>\n<meta property=\"og:image\" content=\"http:\/\/paraoa-freediving.com\/wp-content\/uploads\/2017\/07\/Udos-259x300.jpg\" \/>\n<meta name=\"twitter:card\" content=\"summary_large_image\" \/>\n<meta name=\"twitter:label1\" content=\"Gesch\u00e4tzte Lesezeit\" \/>\n\t<meta name=\"twitter:data1\" content=\"2 Minuten\" \/>\n<script type=\"application\/ld+json\" class=\"yoast-schema-graph\">{\"@context\":\"https:\/\/schema.org\",\"@graph\":[{\"@type\":\"WebPage\",\"@id\":\"https:\/\/paraoa-freediving.com\/de\/about\/avoid-1\/speiseoele\/\",\"url\":\"https:\/\/paraoa-freediving.com\/de\/about\/avoid-1\/speiseoele\/\",\"name\":\"Speise\u00f6le | Par\u0101oa Freediving in Moalboal Philippines\",\"isPartOf\":{\"@id\":\"https:\/\/paraoa-freediving.com\/#website\"},\"datePublished\":\"2018-01-27T12:55:44+00:00\",\"dateModified\":\"2018-02-26T14:19:04+00:00\",\"description\":\"Ersteinmal, wie erkenne ich ein gutes Speise\u00f6l.... Es wird gelagert in dunklen Glasflaschen, um es vor Licht zu sch\u00fctzen, welches ihm schadet!Sch\u00e4den verursacht an den meisten Speise\u00f6len welche ihr im Supermarkt kauft...Sch\u00e4den verursacht an den meisten Speise\u00f6len welche ihr im Supermarkt kauft:\",\"breadcrumb\":{\"@id\":\"https:\/\/paraoa-freediving.com\/de\/about\/avoid-1\/speiseoele\/#breadcrumb\"},\"inLanguage\":\"de-DE\",\"potentialAction\":[{\"@type\":\"ReadAction\",\"target\":[\"https:\/\/paraoa-freediving.com\/de\/about\/avoid-1\/speiseoele\/\"]}]},{\"@type\":\"BreadcrumbList\",\"@id\":\"https:\/\/paraoa-freediving.com\/de\/about\/avoid-1\/speiseoele\/#breadcrumb\",\"itemListElement\":[{\"@type\":\"ListItem\",\"position\":1,\"name\":\"Home\",\"item\":\"https:\/\/paraoa-freediving.com\/de\/\"},{\"@type\":\"ListItem\",\"position\":2,\"name\":\"\u00dcber\",\"item\":\"https:\/\/paraoa-freediving.com\/de\/about\/\"},{\"@type\":\"ListItem\",\"position\":3,\"name\":\"Vermeide 1\",\"item\":\"https:\/\/paraoa-freediving.com\/de\/about\/avoid-1\/\"},{\"@type\":\"ListItem\",\"position\":4,\"name\":\"Speise\u00f6le\"}]},{\"@type\":\"WebSite\",\"@id\":\"https:\/\/paraoa-freediving.com\/#website\",\"url\":\"https:\/\/paraoa-freediving.com\/\",\"name\":\"Par\u0101oa Freediving in Moalboal Philippines\",\"description\":\"Learn to Freedive in Moalboal Philippines\",\"potentialAction\":[{\"@type\":\"SearchAction\",\"target\":{\"@type\":\"EntryPoint\",\"urlTemplate\":\"https:\/\/paraoa-freediving.com\/?s={search_term_string}\"},\"query-input\":\"required name=search_term_string\"}],\"inLanguage\":\"de-DE\"}]}<\/script>\n<!-- \/ Yoast SEO plugin. -->","yoast_head_json":{"title":"Speise\u00f6le | Par\u0101oa Freediving in Moalboal Philippines","description":"Ersteinmal, wie erkenne ich ein gutes Speise\u00f6l.... Es wird gelagert in dunklen Glasflaschen, um es vor Licht zu sch\u00fctzen, welches ihm schadet!Sch\u00e4den verursacht an den meisten Speise\u00f6len welche ihr im Supermarkt kauft...Sch\u00e4den verursacht an den meisten Speise\u00f6len welche ihr im Supermarkt kauft:","robots":{"index":"index","follow":"follow","max-snippet":"max-snippet:-1","max-image-preview":"max-image-preview:large","max-video-preview":"max-video-preview:-1"},"canonical":"https:\/\/paraoa-freediving.com\/de\/about\/avoid-1\/speiseoele\/","og_locale":"de_DE","og_type":"article","og_title":"Speise\u00f6le | Par\u0101oa Freediving in Moalboal Philippines","og_description":"Ersteinmal, wie erkenne ich ein gutes Speise\u00f6l.... Es wird gelagert in dunklen Glasflaschen, um es vor Licht zu sch\u00fctzen, welches ihm schadet!Sch\u00e4den verursacht an den meisten Speise\u00f6len welche ihr im Supermarkt kauft...Sch\u00e4den verursacht an den meisten Speise\u00f6len welche ihr im Supermarkt kauft:","og_url":"https:\/\/paraoa-freediving.com\/de\/about\/avoid-1\/speiseoele\/","og_site_name":"Par\u0101oa Freediving in Moalboal Philippines","article_modified_time":"2018-02-26T14:19:04+00:00","og_image":[{"url":"http:\/\/paraoa-freediving.com\/wp-content\/uploads\/2017\/07\/Udos-259x300.jpg"}],"twitter_card":"summary_large_image","twitter_misc":{"Gesch\u00e4tzte Lesezeit":"2 Minuten"},"schema":{"@context":"https:\/\/schema.org","@graph":[{"@type":"WebPage","@id":"https:\/\/paraoa-freediving.com\/de\/about\/avoid-1\/speiseoele\/","url":"https:\/\/paraoa-freediving.com\/de\/about\/avoid-1\/speiseoele\/","name":"Speise\u00f6le | Par\u0101oa Freediving in Moalboal Philippines","isPartOf":{"@id":"https:\/\/paraoa-freediving.com\/#website"},"datePublished":"2018-01-27T12:55:44+00:00","dateModified":"2018-02-26T14:19:04+00:00","description":"Ersteinmal, wie erkenne ich ein gutes Speise\u00f6l.... Es wird gelagert in dunklen Glasflaschen, um es vor Licht zu sch\u00fctzen, welches ihm schadet!Sch\u00e4den verursacht an den meisten Speise\u00f6len welche ihr im Supermarkt kauft...Sch\u00e4den verursacht an den meisten Speise\u00f6len welche ihr im Supermarkt kauft:","breadcrumb":{"@id":"https:\/\/paraoa-freediving.com\/de\/about\/avoid-1\/speiseoele\/#breadcrumb"},"inLanguage":"de-DE","potentialAction":[{"@type":"ReadAction","target":["https:\/\/paraoa-freediving.com\/de\/about\/avoid-1\/speiseoele\/"]}]},{"@type":"BreadcrumbList","@id":"https:\/\/paraoa-freediving.com\/de\/about\/avoid-1\/speiseoele\/#breadcrumb","itemListElement":[{"@type":"ListItem","position":1,"name":"Home","item":"https:\/\/paraoa-freediving.com\/de\/"},{"@type":"ListItem","position":2,"name":"\u00dcber","item":"https:\/\/paraoa-freediving.com\/de\/about\/"},{"@type":"ListItem","position":3,"name":"Vermeide 1","item":"https:\/\/paraoa-freediving.com\/de\/about\/avoid-1\/"},{"@type":"ListItem","position":4,"name":"Speise\u00f6le"}]},{"@type":"WebSite","@id":"https:\/\/paraoa-freediving.com\/#website","url":"https:\/\/paraoa-freediving.com\/","name":"Par\u0101oa Freediving in Moalboal Philippines","description":"Learn to Freedive in Moalboal Philippines","potentialAction":[{"@type":"SearchAction","target":{"@type":"EntryPoint","urlTemplate":"https:\/\/paraoa-freediving.com\/?s={search_term_string}"},"query-input":"required name=search_term_string"}],"inLanguage":"de-DE"}]}},"_links":{"self":[{"href":"https:\/\/paraoa-freediving.com\/de\/wp-json\/wp\/v2\/pages\/1134"}],"collection":[{"href":"https:\/\/paraoa-freediving.com\/de\/wp-json\/wp\/v2\/pages"}],"about":[{"href":"https:\/\/paraoa-freediving.com\/de\/wp-json\/wp\/v2\/types\/page"}],"author":[{"embeddable":true,"href":"https:\/\/paraoa-freediving.com\/de\/wp-json\/wp\/v2\/users\/2"}],"replies":[{"embeddable":true,"href":"https:\/\/paraoa-freediving.com\/de\/wp-json\/wp\/v2\/comments?post=1134"}],"version-history":[{"count":3,"href":"https:\/\/paraoa-freediving.com\/de\/wp-json\/wp\/v2\/pages\/1134\/revisions"}],"predecessor-version":[{"id":1277,"href":"https:\/\/paraoa-freediving.com\/de\/wp-json\/wp\/v2\/pages\/1134\/revisions\/1277"}],"up":[{"embeddable":true,"href":"https:\/\/paraoa-freediving.com\/de\/wp-json\/wp\/v2\/pages\/694"}],"wp:attachment":[{"href":"https:\/\/paraoa-freediving.com\/de\/wp-json\/wp\/v2\/media?parent=1134"}],"curies":[{"name":"wp","href":"https:\/\/api.w.org\/{rel}","templated":true}]}}