{"id":1170,"date":"2018-02-04T18:24:55","date_gmt":"2018-02-04T18:24:55","guid":{"rendered":"http:\/\/paraoa-freediving.com\/de\/?page_id=1170"},"modified":"2018-02-26T14:19:26","modified_gmt":"2018-02-26T14:19:26","slug":"tafelsalz","status":"publish","type":"page","link":"https:\/\/paraoa-freediving.com\/de\/about\/avoid-1\/tafelsalz\/","title":{"rendered":"Tafelsalz"},"content":{"rendered":"<h1><strong style=\"font-size: 16px;\">Vom wei\u00dfen Gold zum wei\u00dfen Gift<\/strong><\/h1>\n<header class=\"entry-header\">\n<div class=\"entry-title-subtitle\">\n<div class=\"sub-title\">\n<div class=\"autor-fecha\"><span class=\"autor-in-full-posts\"> Autor : <span class=\"author vcard\">Sascha H\u00e4fner<\/span><\/span><\/div>\n<div class=\"autor-fecha\"><\/div>\n<h5 class=\"autor-fecha\"><span style=\"text-decoration: underline;\"><strong>Nat\u00fcrliches unraffiniertes Salz ist lebensnotwendig f\u00fcr den K\u00f6rper, w\u00e4hrend raffiniertes Kochsalz ein schweres Zellgift darstellt<\/strong><\/span><\/h5>\n<\/div>\n<\/div>\n<\/header>\n<div>\n<p><img decoding=\"async\" loading=\"lazy\" class=\"size-medium wp-image-922 alignleft\" src=\"http:\/\/paraoa-freediving.com\/wp-content\/uploads\/2017\/07\/salt-300x230.jpeg\" alt=\"salt\" width=\"300\" height=\"230\" srcset=\"https:\/\/paraoa-freediving.com\/wp-content\/uploads\/2017\/07\/salt-300x230.jpeg 300w, https:\/\/paraoa-freediving.com\/wp-content\/uploads\/2017\/07\/salt.jpeg 469w\" sizes=\"(max-width: 300px) 100vw, 300px\" \/>Wer sich \u00fcber die Sch\u00e4dlichkeit von unserem als Kochsalz angebotenem Natriumchlorid informieren m\u00f6chte, sollte sich das Buch von Peter Ferreira \u201eWasser und Salz \u2013 Urquell des Lebens\u201c besorgen oder den Vortrag auf Kassette. Wer dieses erstklassigen Vortrag geh\u00f6rt hat, wird wohl anschlie\u00dfend nie mehr Natriumchlorid verwenden, sondern stattdessen wieder urspr\u00fcngliches unraffiniertes Salz, so wie es aus dem Berg kommt.<\/p>\n<p><span style=\"text-decoration: underline;\"><strong>Unterschied zwischen unraffiniertem Salz und Kochsalz<\/strong><\/span><\/p>\n<p>Unser Blut Ist eine Sole, die in seiner Zusammensetzung mit dem Urmeer identisch ist.<br \/>\nKochsalz besteht weitgehend aus Natriumchlorid und hat nichts mit nat\u00fcrlichem Salz zu tun. Kochsalz Ist ein gef\u00e4hrliches Zellgift und wird vom K\u00f6rper unter gro\u00dfem Aufwand ausgeschieden oder unsch\u00e4dlich gemacht. Nat\u00fcrliches Salz ist lebensnotwendig, um vitale Funktionen Aufrechterhalten.<\/p>\n<p><span style=\"text-decoration: underline;\"><strong>Im folgenden ein Auszug aus diesem Buch :<\/strong><\/span><\/p>\n<p>Ohne Salz ist Leben nicht m\u00f6glich. Andererseits gilt der heutige Salzkonsum als \u00e4u\u00dferst gesundheitssch\u00e4dlich. Das liegt daran, dass unser so genanntes Kochsalz mit urspr\u00fcnglichem Salz, wie es im Salzkristall vorkommt, nur noch wenig zu tun hat. Kochsalz ist haupts\u00e4chlich Natriumchlorid, nicht Salz, wie wir es zum Leben ben\u00f6tigen. Denn nat\u00fcrliches Kristallsalz ist viel mehr als nur Natriumchlorid.<br \/>\nNat\u00fcrliches Kristallsalz besteht nicht nur aus zwei, sondern aus allen nat\u00fcrlichen Elementen.<br \/>\nEs sind genau jene nat\u00fcrlichen Elemente, aus denen auch unser K\u00f6rper besteht und aus denen einst unser Leben aus dem Urmeer entstand.<br \/>\nUnser Blut ist interessanterweise eine mit dem Urmeer identische Sole und weist immer noch das gleiche Konzentrationsverh\u00e4ltnis auf wie zu der Zeit, als das Leben das Meer verlie\u00df. Diese Sole flie\u00dft auf mehr als 90.000 Kilometern an Fl\u00fcssigkeitsbahnen mit levitanter und gravitanter Kraft durch unseren Organismus und sorgt immer ausgleichend und regulierend f\u00fcr die Aufrechterhaltung unserer K\u00f6rperfunktionen.<\/p>\n<p><span style=\"text-decoration: underline;\"><strong>Wie aus Salz Natriumchlorid wurde<\/strong><\/span><\/p>\n<p>Als die Industrialisierung einsetzte, wurde das nat\u00fcrliche Salz \u201echemisch gereinigt\u201c und auf die Verbindung von Natriumchlorid reduziert. Essenzielle Mineralien und Spurenelemente wurden einfach als \u201eVerunreinigungen\u201c bezeichnet und entfernt. Natriumchlorid stellt jedoch einen unnat\u00fcrlich isolierten Zustand dar und hat nichts mehr mit Natur, mit Ganzheitlichkeit und Salz zu tun. \u00c4hnlich wie bei wei\u00dfem raffiniertem Zucker, wurde aus dem \u201ewei\u00dfem Gold\u201c pl\u00f6tzlich \u201ewei\u00dfes Gift\u201c. Dabei hat es schon seinen Sinn, dass im Salz alle nat\u00fcrlichen Elemente des K\u00f6rpers vorhanden sind. Denn Natriumchlorid allein ist eine aggressive Substanz, die sich biochemisch betrachtet einen ausgleichenden Gegenspieler sucht, damit im K\u00f6rper das Neutralisationsverh\u00e4ltnis bestehen bleibt. Natriumchlorid braucht seine nat\u00fcrlichen Gegenspieler, damit es \u00fcberhaupt seine Wirkung aus\u00fcben kann. Die nat\u00fcrlichen Gegenspieler wie Kalium, Kalzium, Magnesium und alle weiteren Minerale und Spurenelemente weisen biophysikalisch gesehen ganz spezifische Frequenzmuster auf. Diese Muster gew\u00e4hrleisten den geometrischen Aufbau der Strukturen. Wenn diese geometrischen Strukturen nicht vorhanden sind, bekommen wir auch keine Energie, und somit keine Lebendigkeit. Salz sollte nicht wegen seines Geschmacks, sondern wegen seiner Schwingungsmuster, die denen unseres K\u00f6rpers entsprechen, zu sich genommen werden.<\/p>\n<p><span style=\"text-decoration: underline;\"><strong>Wie Kochsalz den K\u00f6rper belastet<\/strong><\/span><\/p>\n<p>Die meisten Menschen leiden unter Salzarmut, obwohl sie mit Natriumchlorid \u00fcbers\u00e4ttigt sind. Dabei ben\u00f6tigt der Mensch nur die verschwindend geringe Menge von etwa 0,2 Gramm Salz pro Tag. Erst wenn wir weniger als 0,2 Gramm Salz am Tag bekommen, setzt der so genannte Salzhunger ein, wie wir das auch von Tieren kennen. Der durchschnittliche Kochsalzverbrauch pro Kopf liegt im westeurop\u00e4ischen Durchschnitt bereits zwischen 12 bis 20 Gramm t\u00e4glich. Unser K\u00f6rper kann aber je nach Alter, Konstitution und Geschlecht nur f\u00fcnf bis sieben Gramm Kochsalz \u00fcber die Niere wieder ausscheiden.<\/p>\n<p><span style=\"text-decoration: underline;\"><strong>Der K\u00f6rper identifiziert Kochsalz als ein aggressives Zellgift, eine unnat\u00fcrlich<\/strong><\/span><\/p>\n<p>aggressive Substanz, die er durch seine intelligente Selbstschutzfunktion so schnell wie m\u00f6glich wieder ausscheiden m\u00f6chte. Dadurch werden unsere Ausscheidungsorgane permanent \u00fcberfordert. In fast jedem konservierten Produkt ist Kochsalz als Konservierungsstoff enthalten, so dass man zu Hause \u00fcberhaupt nicht salzen m\u00fcsste und trotzdem mehr Kochsalz zu sich nimmt, als ausgeschieden werden kann. Das \u00fcbersch\u00fcssige Kochsalz versucht der K\u00f6rper durch Isolierung unsch\u00e4dlich zu machen. Dabei wird das Natriumchlorid mit Wassermolek\u00fclen umschlossen, um es in Natrium und Chlorid zu ionisieren und somit zu neutralisieren. Das f\u00fcr diesen Vorgang notwendige Wasser stammt aber aus unseren Zellen. Der K\u00f6rper muss also sein h\u00f6chst strukturiertes Zellwasser opfern, um Natriumchlorid zu neutralisieren. Dabei sterben die entw\u00e4sserten K\u00f6rperzellen ab, da sie ihrer Lebendigkeit beraubt werden.<\/p>\n<p><span style=\"text-decoration: underline;\"><strong>Die Folgen des Kochsalzkonsums<\/strong><\/span><\/p>\n<p>Das Ergebnis ist die Bildung von \u00fcbers\u00e4uerten \u00d6demen und Wassergewebe, der so genannten Cellulite. F\u00fcr jedes Gramm Natriumchlorid, das wir nicht ausscheiden k\u00f6nnen, ben\u00f6tigt der K\u00f6rper die 23fache Menge an Zellwasser. Ist der Natriumchloridgehalt trotzdem noch zu hoch, rekristallisiert der K\u00f6rper das Kochsalz. Daf\u00fcr verwendet der K\u00f6rper die nicht abbaubaren tierischen Eiwei\u00dfbausteine, wie sie etwa in Milch vorkommen, die f\u00fcr den K\u00f6rper wertlos sind und die er ohnehin entsorgen muss. Die dabei entstehende Harns\u00e4ure, soweit sie nicht ausgeschieden wird, verbindet sich mit dem Natriumchlorid zu Re-Kristallisationen, die sich bevorzugt im Knochen- und Gelenkbereich ablagern. Die Folge sind rheumatische Erkrankungen wie Gicht, Arthrose und Arthritis, aber auch die Nieren- und Gallensteinbildung geht auf die Verbindung aus Natriumchlorid und Harns\u00e4ure zur\u00fcck. Der Re-Kristallisationsprozess ist also eine Notl\u00f6sung der Zellen und Organe, die den K\u00f6rper kurzfristig vor irreparablen Sch\u00e4den einer unvern\u00fcnftigen Nahrungsaufnahme sch\u00fctzt, langfristig aber vergiftet, da die sch\u00e4dlichen Substanzen nicht ausgeschieden werden.<\/p>\n<p><span style=\"text-decoration: underline;\"><strong>Die Macht der chemischen Industrie<\/strong><\/span><\/p>\n<p>Bedenkt man diese Zusammenh\u00e4nge, dann fragt man mit Recht, warum das f\u00fcr uns so lebensnotwendige nat\u00fcrliche Salz chemisch aufbereitet wird, um als Gift in unseren K\u00f6rper zu gelangen. Der Grund ist recht einfach: Rund 93 Prozent der weltweiten Salzproduktion wird mehr oder weniger direkt industrielle Zwecke genutzt. Dazu ist aber reinstes Natriumchlorid notwendig. Mit Natriumchlorid kann man jeden chemischen Prozess gew\u00e4hrleisten, bei dem die restlichen nat\u00fcrlichen Elemente nur st\u00f6ren w\u00fcrden.<\/p>\n<p>Die chemische Industrie hat sich die einzigartigen Wechselwirkungskr\u00e4fte der Salze f\u00fcr zahlreiche Prozesse und Produkte zu Nutze gemacht und damit den industriellen Fortschritt erst erm\u00f6glicht. Soda, Waschmittel, Lacke, Plastik, PVC, f\u00fcr fast alles, was uns t\u00e4glich noch weiter von der Natur entfernt, ben\u00f6tigt man Natriumchlorid. Sechs bis sieben Prozent der Salzgewinnung werden in der Lebensmittelindustrie als billiges, aggressives Konservierungsmittel eingesetzt, um die Nahrungsmittel haltbar zu machen. Es gibt kaum ein Fertigprodukt, ob Joghurt, Brot oder Schinken, das nicht Natriumchlorid enth\u00e4lt. F\u00fcr die Lebensmittellogistik ein gro\u00dfer Segen, da sich Nahrungsmittel jetzt oft jahrelang halten, f\u00fcr den Menschen stellt dies jedoch eine fatale Entwicklung dar.<\/p>\n<p><span style=\"text-decoration: underline;\"><strong>Das Salz in unserer K\u00fcche<\/strong><\/span><\/p>\n<p>Nur ein verschwindend geringer Teil der weltweiten Salzproduktion wandert in unsere K\u00fcchen \u2014 als Markensalz, Kochsalz, Tafelsalz oder Speisesalz. Unter Einsatz intensiver Werbekampagnen versucht man die Bev\u00f6lkerung davon zu \u00fcberzeugen, dass die externe Zugabe von Halogenen wie dem hochtoxischen Jod (in Form von Jodid- oder Jodat-Verbindungen) aus gesundheitlichen Gr\u00fcnden bei Kochsalz von Vorteil sei. Auch wird dem Kochsalz gerne das Element Fluor als Verbindung beigef\u00fcgt. Fluor ist das reaktivste Element und geh\u00f6rt als gr\u00fcnlichgelbes, stechend riechendes Gas auch zu der Gruppe der Halogene. Jod wird k\u00fcnstlich beigef\u00fcgt, weil es angeblich der Schilddr\u00fcse helfe, und Fluor, weil es gut f\u00fcr die Z\u00e4hne sei. Beide Elementeverbindungen erh\u00f6hen jedoch die Giftigkeit von Natriumchlorid noch zus\u00e4tzlich.<br \/>\nDie Anf\u00fchrung der mehr als zweifelhaften und widerlegbaren These, dass Deutschland ein Jodmangelgebiet sei, hat mittlerweile dazu gef\u00fchrt, dass wir in Deutschland, \u00d6sterreich und der Schweiz bereits einer indirekt fl\u00e4chendeckenden ZwangsMedikation mit Jod unterliegen. Seit 1995 hielt diese fl\u00e4chen-deckende Jodierung in Deutschland ihren Einzug und wird als die erfolgreichste Werbema\u00dfnahme der letzten zwanzig Jahre gez\u00e4hlt. Somit ist es nicht verwunderlich, dass ein Gro\u00dfteil der Bev\u00f6lkerung tats\u00e4chlich der Meinung ist, dass k\u00fcnstlich mit Jod angereicherte Nahrungsmittel, allen voran das Kochsalz, angeblich gesund seien, und deshalb zu diesen Produkten greift. Die wissenschaftlichen Erkenntnisse der Jodierung bzw. Fluorierung sollten jedoch kritisch begutachtet werden.<br \/>\nMittlerweile leiden mehr Menschen durch massive Einbu\u00dfe ihrer Gesundheit an deren Folgen, als Menschen damit angeblich geholfen werden konnte. Der K\u00f6rper ist in keiner Weise in der Lage, k\u00fcnstlich zugef\u00fchrte Jod- und Fluor-Verbindungen zu verstoffwechseln. Inzwischen ist es in Fachkreisen allgemein bekannt, dass Nitrosamine zu den aggressivsten Krebsausl\u00f6sern z\u00e4hlen. Sie erzeugen in zahlreichen Organen selektiv Krebs. Im Magen wirken die Nahrungsmittelzusatzstoffe wie Jodide, Fluoride, Thiozyanate, Chiorogens\u00e4ure, Polyphenole und Metallsalze durch Konkurrenzreaktion stark beschleunigend auf die Nitrosaminbildung. An erster Stelle derjenigen Stoffe, welche die Nitrosaminbildung katalysieren, d. h. beschleunigen, steht Jod, das die Nitrosaminbildung um das Sechsfache erh\u00f6ht. Eine sinnvolle Krebsvorbeugung erfordert strikte Jodabstinenz. Japan ist das Land mit dem h\u00f6chsten Jodvorkommen der Welt, dort finden wir aber auch die hohe Rate an Schilddr\u00fcsenkrebs von 25 Prozent. Die Krebsrate nimmt in anderen L\u00e4ndern in dem Ma\u00dfe ab, indem die Jodzufuhr geringer ist. Mit anderen Worten: ~weniger Jod, weniger Krebs. Selbst die renommierte Zeitschrift \u201e\u00d6koTest\u201c, hat die \u201eHalogenorganischen Verbindungen\u201c aus den Halogenen Jod, Fluor, Brom und Chlor als \u201enicht\u201c empfehlenswert gekennzeichnet, da viele dieser Verbindungen als allergieausl\u00f6send und krebserregend gelten. Auch k\u00f6nnte, laut einer Studie amerikanischer Forscher, die Zugabe von Jod zum Speisesalz f\u00fcr den R\u00fcckgang der Spermien in der m\u00e4nnlichen Samenfl\u00fcssigkeit verantwortlich sein.<br \/>\nSeien Sie deshalb sehr kritisch mit angeblichen Gesundheitsaussagen \u00fcber die Wichtigkeit der k\u00fcnstlichen Jodzufuhr.<br \/>\nZus\u00e4tzlich enth\u00e4lt Kochsalz oft nicht deklarierungspflichtige Konservierungsstoffe wie Kalziumcarbonat, Magnesiumcarbonat, E 535, E 536, E 540, E 550, E 551, E 552, E 553b, E 570, E 572 sowie Aluminiumhydroxid, um die Streu- und Rieself\u00e4higkeit zu verbessern. Aluminium ist ein Leichtmetall, das sich im Gehirn ablagern kann. Es wird vermutet, dass die hohe Alzheimer-Rate in den USA nicht zuletzt auf den hohen Konsum von in Aluminium verpackten Nahrungsmitteln und Getr\u00e4nken wie Cola-Dosen zur\u00fcckzuf\u00fchren ist. Durch die Belastung mit Aluminium k\u00f6nnen Nervenleitbahnen nicht mehr \u00fcberbr\u00fcckt werden, und der Denkvorgang wird unterbrochen. Es ist das nat\u00fcrliche Salz in unserem K\u00f6rper, das uns in die Lage versetzt, \u00fcberhaupt denken zu k\u00f6nnen. Dieses Salz, das aus allen seinen nat\u00fcrlichen Elementen besteht, die von Biochemikern f\u00e4lschlicherweise als Verunreinigung eliminiert werden. Wir brauchen das Kalzium, Kalium und Magnesium genau so, wie es in seiner nat\u00fcrlichen Form im Salz enthalten ist, um diese Mineralien und Spurenelemente optimal aufnehmen und verwerten zu k\u00f6nnen. Wir ben\u00f6tigen Salz in seiner Ganzheitlichkeit, mit allen seinen nat\u00fcrlichen Elementen, damit unser Organismus perfekt funktionieren kann.<\/p>\n<p>Hier noch ein weiterf\u00fchrender Bericht als link zum Thema Fluorid&#8230;&#8230;<\/p>\n<p><a href=\"https:\/\/newstopaktuell.wordpress.com\/category\/fluorid-angriff-auf-die-gesundheit-der-bevolkerung\/\" target=\"_blank\" rel=\"noopener\">https:\/\/newstopaktuell.wordpress.com\/category\/fluorid-angriff-auf-die-gesundheit-der-bevolkerung\/<\/a><\/p>\n<p>Quelle :<\/p>\n<p><a href=\"https:\/\/www.haefnerwelt.de\/blog\/vom-weisen-gold-zum-weisen-gift\/\" target=\"_blank\" rel=\"noopener\">https:\/\/www.haefnerwelt.de\/blog\/vom-weisen-gold-zum-weisen-gift\/<\/a><\/p>\n<\/div>\n<p>\u2190 Vorherig:\u00a0<a href=\"http:\/\/paraoa-freediving.com\/de\/about\/avoid-1\/haushaltszucker\/\" target=\"_blank\" rel=\"noopener\">Haushaltszucker<\/a><\/p>\n<p>\u2192 N\u00e4chste:\u00a0<a href=\"http:\/\/paraoa-freediving.com\/de\/about\/avoid-1\/hormone-plastik-und-umwelt\/\" target=\"_blank\" rel=\"noopener\">Hormone in Plastik und Umwelt<\/a><\/p>\n","protected":false},"excerpt":{"rendered":"<p>Vom wei\u00dfen Gold zum wei\u00dfen Gift Autor : Sascha H\u00e4fner Nat\u00fcrliches unraffiniertes Salz ist lebensnotwendig f\u00fcr den K\u00f6rper, w\u00e4hrend raffiniertes Kochsalz ein schweres Zellgift darstellt Wer sich \u00fcber die Sch\u00e4dlichkeit von unserem als Kochsalz angebotenem Natriumchlorid informieren m\u00f6chte, sollte sich das Buch von Peter Ferreira \u201eWasser und Salz \u2013 Urquell des Lebens\u201c besorgen oder den [&hellip;]<\/p>\n","protected":false},"author":2,"featured_media":0,"parent":694,"menu_order":25,"comment_status":"closed","ping_status":"closed","template":"","meta":[],"yoast_head":"<!-- This site is optimized with the Yoast SEO plugin v19.14 - https:\/\/yoast.com\/wordpress\/plugins\/seo\/ -->\n<title>Tafelsalz | Par\u0101oa Freediving in Moalboal Philippines<\/title>\n<meta name=\"description\" content=\"Ohne Salz ist Leben nicht m\u00f6glich. Andererseits gilt der heutige Salzkonsum als \u00e4u\u00dferst gesundheitssch\u00e4dlich. Das liegt daran, dass unser so genanntes Kochsalz mit urspr\u00fcnglichem Salz..Als die Industrialisierung einsetzte, wurde das nat\u00fcrliche Salz \u201echemisch gereinigt\u201c und auf die Verbindung...\" \/>\n<meta name=\"robots\" content=\"index, follow, max-snippet:-1, max-image-preview:large, max-video-preview:-1\" \/>\n<link rel=\"canonical\" href=\"https:\/\/paraoa-freediving.com\/de\/about\/avoid-1\/tafelsalz\/\" \/>\n<meta property=\"og:locale\" content=\"de_DE\" \/>\n<meta property=\"og:type\" content=\"article\" \/>\n<meta property=\"og:title\" content=\"Tafelsalz | Par\u0101oa Freediving in Moalboal Philippines\" \/>\n<meta property=\"og:description\" content=\"Ohne Salz ist Leben nicht m\u00f6glich. Andererseits gilt der heutige Salzkonsum als \u00e4u\u00dferst gesundheitssch\u00e4dlich. Das liegt daran, dass unser so genanntes Kochsalz mit urspr\u00fcnglichem Salz..Als die Industrialisierung einsetzte, wurde das nat\u00fcrliche Salz \u201echemisch gereinigt\u201c und auf die Verbindung...\" \/>\n<meta property=\"og:url\" content=\"https:\/\/paraoa-freediving.com\/de\/about\/avoid-1\/tafelsalz\/\" \/>\n<meta property=\"og:site_name\" content=\"Par\u0101oa Freediving in Moalboal Philippines\" \/>\n<meta property=\"article:modified_time\" content=\"2018-02-26T14:19:26+00:00\" \/>\n<meta property=\"og:image\" content=\"http:\/\/paraoa-freediving.com\/wp-content\/uploads\/2017\/07\/salt-300x230.jpeg\" \/>\n<meta name=\"twitter:card\" content=\"summary_large_image\" \/>\n<meta name=\"twitter:label1\" content=\"Gesch\u00e4tzte Lesezeit\" \/>\n\t<meta name=\"twitter:data1\" content=\"9 Minuten\" \/>\n<script type=\"application\/ld+json\" class=\"yoast-schema-graph\">{\"@context\":\"https:\/\/schema.org\",\"@graph\":[{\"@type\":\"WebPage\",\"@id\":\"https:\/\/paraoa-freediving.com\/de\/about\/avoid-1\/tafelsalz\/\",\"url\":\"https:\/\/paraoa-freediving.com\/de\/about\/avoid-1\/tafelsalz\/\",\"name\":\"Tafelsalz | Par\u0101oa Freediving in Moalboal Philippines\",\"isPartOf\":{\"@id\":\"https:\/\/paraoa-freediving.com\/#website\"},\"datePublished\":\"2018-02-04T18:24:55+00:00\",\"dateModified\":\"2018-02-26T14:19:26+00:00\",\"description\":\"Ohne Salz ist Leben nicht m\u00f6glich. Andererseits gilt der heutige Salzkonsum als \u00e4u\u00dferst gesundheitssch\u00e4dlich. Das liegt daran, dass unser so genanntes Kochsalz mit urspr\u00fcnglichem Salz..Als die Industrialisierung einsetzte, wurde das nat\u00fcrliche Salz \u201echemisch gereinigt\u201c und auf die Verbindung...\",\"breadcrumb\":{\"@id\":\"https:\/\/paraoa-freediving.com\/de\/about\/avoid-1\/tafelsalz\/#breadcrumb\"},\"inLanguage\":\"de-DE\",\"potentialAction\":[{\"@type\":\"ReadAction\",\"target\":[\"https:\/\/paraoa-freediving.com\/de\/about\/avoid-1\/tafelsalz\/\"]}]},{\"@type\":\"BreadcrumbList\",\"@id\":\"https:\/\/paraoa-freediving.com\/de\/about\/avoid-1\/tafelsalz\/#breadcrumb\",\"itemListElement\":[{\"@type\":\"ListItem\",\"position\":1,\"name\":\"Home\",\"item\":\"https:\/\/paraoa-freediving.com\/de\/\"},{\"@type\":\"ListItem\",\"position\":2,\"name\":\"\u00dcber\",\"item\":\"https:\/\/paraoa-freediving.com\/de\/about\/\"},{\"@type\":\"ListItem\",\"position\":3,\"name\":\"Vermeide 1\",\"item\":\"https:\/\/paraoa-freediving.com\/de\/about\/avoid-1\/\"},{\"@type\":\"ListItem\",\"position\":4,\"name\":\"Tafelsalz\"}]},{\"@type\":\"WebSite\",\"@id\":\"https:\/\/paraoa-freediving.com\/#website\",\"url\":\"https:\/\/paraoa-freediving.com\/\",\"name\":\"Par\u0101oa Freediving in Moalboal Philippines\",\"description\":\"Learn to Freedive in Moalboal Philippines\",\"potentialAction\":[{\"@type\":\"SearchAction\",\"target\":{\"@type\":\"EntryPoint\",\"urlTemplate\":\"https:\/\/paraoa-freediving.com\/?s={search_term_string}\"},\"query-input\":\"required name=search_term_string\"}],\"inLanguage\":\"de-DE\"}]}<\/script>\n<!-- \/ Yoast SEO plugin. -->","yoast_head_json":{"title":"Tafelsalz | Par\u0101oa Freediving in Moalboal Philippines","description":"Ohne Salz ist Leben nicht m\u00f6glich. Andererseits gilt der heutige Salzkonsum als \u00e4u\u00dferst gesundheitssch\u00e4dlich. Das liegt daran, dass unser so genanntes Kochsalz mit urspr\u00fcnglichem Salz..Als die Industrialisierung einsetzte, wurde das nat\u00fcrliche Salz \u201echemisch gereinigt\u201c und auf die Verbindung...","robots":{"index":"index","follow":"follow","max-snippet":"max-snippet:-1","max-image-preview":"max-image-preview:large","max-video-preview":"max-video-preview:-1"},"canonical":"https:\/\/paraoa-freediving.com\/de\/about\/avoid-1\/tafelsalz\/","og_locale":"de_DE","og_type":"article","og_title":"Tafelsalz | Par\u0101oa Freediving in Moalboal Philippines","og_description":"Ohne Salz ist Leben nicht m\u00f6glich. Andererseits gilt der heutige Salzkonsum als \u00e4u\u00dferst gesundheitssch\u00e4dlich. Das liegt daran, dass unser so genanntes Kochsalz mit urspr\u00fcnglichem Salz..Als die Industrialisierung einsetzte, wurde das nat\u00fcrliche Salz \u201echemisch gereinigt\u201c und auf die Verbindung...","og_url":"https:\/\/paraoa-freediving.com\/de\/about\/avoid-1\/tafelsalz\/","og_site_name":"Par\u0101oa Freediving in Moalboal Philippines","article_modified_time":"2018-02-26T14:19:26+00:00","og_image":[{"url":"http:\/\/paraoa-freediving.com\/wp-content\/uploads\/2017\/07\/salt-300x230.jpeg"}],"twitter_card":"summary_large_image","twitter_misc":{"Gesch\u00e4tzte Lesezeit":"9 Minuten"},"schema":{"@context":"https:\/\/schema.org","@graph":[{"@type":"WebPage","@id":"https:\/\/paraoa-freediving.com\/de\/about\/avoid-1\/tafelsalz\/","url":"https:\/\/paraoa-freediving.com\/de\/about\/avoid-1\/tafelsalz\/","name":"Tafelsalz | Par\u0101oa Freediving in Moalboal Philippines","isPartOf":{"@id":"https:\/\/paraoa-freediving.com\/#website"},"datePublished":"2018-02-04T18:24:55+00:00","dateModified":"2018-02-26T14:19:26+00:00","description":"Ohne Salz ist Leben nicht m\u00f6glich. Andererseits gilt der heutige Salzkonsum als \u00e4u\u00dferst gesundheitssch\u00e4dlich. Das liegt daran, dass unser so genanntes Kochsalz mit urspr\u00fcnglichem Salz..Als die Industrialisierung einsetzte, wurde das nat\u00fcrliche Salz \u201echemisch gereinigt\u201c und auf die Verbindung...","breadcrumb":{"@id":"https:\/\/paraoa-freediving.com\/de\/about\/avoid-1\/tafelsalz\/#breadcrumb"},"inLanguage":"de-DE","potentialAction":[{"@type":"ReadAction","target":["https:\/\/paraoa-freediving.com\/de\/about\/avoid-1\/tafelsalz\/"]}]},{"@type":"BreadcrumbList","@id":"https:\/\/paraoa-freediving.com\/de\/about\/avoid-1\/tafelsalz\/#breadcrumb","itemListElement":[{"@type":"ListItem","position":1,"name":"Home","item":"https:\/\/paraoa-freediving.com\/de\/"},{"@type":"ListItem","position":2,"name":"\u00dcber","item":"https:\/\/paraoa-freediving.com\/de\/about\/"},{"@type":"ListItem","position":3,"name":"Vermeide 1","item":"https:\/\/paraoa-freediving.com\/de\/about\/avoid-1\/"},{"@type":"ListItem","position":4,"name":"Tafelsalz"}]},{"@type":"WebSite","@id":"https:\/\/paraoa-freediving.com\/#website","url":"https:\/\/paraoa-freediving.com\/","name":"Par\u0101oa Freediving in Moalboal Philippines","description":"Learn to Freedive in Moalboal Philippines","potentialAction":[{"@type":"SearchAction","target":{"@type":"EntryPoint","urlTemplate":"https:\/\/paraoa-freediving.com\/?s={search_term_string}"},"query-input":"required name=search_term_string"}],"inLanguage":"de-DE"}]}},"_links":{"self":[{"href":"https:\/\/paraoa-freediving.com\/de\/wp-json\/wp\/v2\/pages\/1170"}],"collection":[{"href":"https:\/\/paraoa-freediving.com\/de\/wp-json\/wp\/v2\/pages"}],"about":[{"href":"https:\/\/paraoa-freediving.com\/de\/wp-json\/wp\/v2\/types\/page"}],"author":[{"embeddable":true,"href":"https:\/\/paraoa-freediving.com\/de\/wp-json\/wp\/v2\/users\/2"}],"replies":[{"embeddable":true,"href":"https:\/\/paraoa-freediving.com\/de\/wp-json\/wp\/v2\/comments?post=1170"}],"version-history":[{"count":2,"href":"https:\/\/paraoa-freediving.com\/de\/wp-json\/wp\/v2\/pages\/1170\/revisions"}],"predecessor-version":[{"id":1281,"href":"https:\/\/paraoa-freediving.com\/de\/wp-json\/wp\/v2\/pages\/1170\/revisions\/1281"}],"up":[{"embeddable":true,"href":"https:\/\/paraoa-freediving.com\/de\/wp-json\/wp\/v2\/pages\/694"}],"wp:attachment":[{"href":"https:\/\/paraoa-freediving.com\/de\/wp-json\/wp\/v2\/media?parent=1170"}],"curies":[{"name":"wp","href":"https:\/\/api.w.org\/{rel}","templated":true}]}}