{"id":1172,"date":"2018-02-06T18:27:38","date_gmt":"2018-02-06T18:27:38","guid":{"rendered":"http:\/\/paraoa-freediving.com\/de\/?page_id=1172"},"modified":"2018-02-26T14:19:33","modified_gmt":"2018-02-26T14:19:33","slug":"hormone-plastik-und-umwelt","status":"publish","type":"page","link":"https:\/\/paraoa-freediving.com\/de\/about\/avoid-1\/hormone-plastik-und-umwelt\/","title":{"rendered":"Hormone in Plastik und Umwelt"},"content":{"rendered":"<h4><span style=\"text-decoration: underline;\"><strong>Umwelthormone<\/strong><\/span><\/h4>\n<p>Autorin : Beate Krol<\/p>\n<p><img decoding=\"async\" loading=\"lazy\" class=\"size-medium wp-image-721 alignright\" src=\"http:\/\/paraoa-freediving.com\/wp-content\/uploads\/2017\/07\/plastc-300x200.jpg\" alt=\"plastc\" width=\"300\" height=\"200\" srcset=\"https:\/\/paraoa-freediving.com\/wp-content\/uploads\/2017\/07\/plastc-300x200.jpg 300w, https:\/\/paraoa-freediving.com\/wp-content\/uploads\/2017\/07\/plastc.jpg 601w\" sizes=\"(max-width: 300px) 100vw, 300px\" \/>Wissenschaftler unterscheiden zwischen k\u00f6rpereigenen Hormonen und Umwelthormonen. Letztere sind keine Hormone im eigentlichen Sinne, sondern Molek\u00fcle, die sich wie Hormone verhalten. Diese sogenannten Xenohormone oder auch endokrinen Disruptoren kommen nahezu \u00fcberall in der Umwelt vor.<\/p>\n<ul>\n<li>Was sind Umwelthormone?<\/li>\n<li>Umwelthormone \u00fcberlisten das Hormonsystem auf vielf\u00e4ltige Weise.<\/li>\n<li>Manche Tierarten sind schon von Umwelthormonen beeinflusst.<\/li>\n<li>Umwelthormone k\u00f6nnen das menschliche Hormonsystem st\u00f6ren.<\/li>\n<li>Wie kann man sich vor Umwelthormonen sch\u00fctzen?<\/li>\n<\/ul>\n<p align=\"left\"><span style=\"text-decoration: underline;\"><strong>Was sind Umwelthormone?<\/strong><\/span><\/p>\n<p>Sie stecken in Pestiziden, Medikamenten, Kosmetika sowie etlichen Plastikprodukten und reichern sich in der Luft, im Boden und im Wasser an. Weil sie so winzig sind, gelangen sie \u00fcber den Atem, aber auch durch die Haut in die K\u00f6rper von Tieren und Menschen und greifen dort in das Hormonsystem ein.<\/p>\n<p>Meist erkennt man die hormon\u00e4hnliche Wirkung von Molek\u00fclen erst, wenn St\u00f6rungen sichtbar geworden sind. Immer wieder kommt es dann zu Verboten. Zurzeit mehrt sich die Kritik an einigen Weichmachern im Plastik. Dazu z\u00e4hlen insbesondere Bisphenol A und Phthalate.<\/p>\n<p>Ihre Verwendung hat die Europ\u00e4ische Union (EU) mehrfach eingeschr\u00e4nkt. Seit 2007 d\u00fcrfen bestimmte Phthalate nicht mehr bei der Produktion von Babyartikeln und Kinderspielzeug eingesetzt werden. Auch bei Lacken, Farben und Kosmetika wurde ihre Verwendung eingeschr\u00e4nkt.<\/p>\n<p>Bei Lebensmittelverpackungen wurden die Grenzwerte gesenkt. In Medizinprodukten und Medikamenten findet man Phthalate nach wie vor in hoher Konzentration, beispielsweise in Blut- und Infusionsbeuteln und Arznei-Kapseln.<\/p>\n<p><strong><span style=\"text-decoration: underline;\">Die Strategien der Umwelthormone<\/span><\/strong><\/p>\n<p>Umwelthormone \u00fcberlisten das Hormonsystem auf vielf\u00e4ltige Weise. Manche imitieren k\u00f6rpereigene Hormone, worauf die Hormondr\u00fcsen ihre Produktion drosseln. Andere Umwelthormone schalten die k\u00f6rpereigenen Hormone aus, indem sie die Andockstellen in den Zellen blockieren oder die Transportmolek\u00fcle besetzen, mit deren Hilfe beispielsweise Testosteron ins Gehirn gelangt.<\/p>\n<p>Au\u00dferdem k\u00f6nnen Umwelthormone Enzyme angreifen, die zur Bildung von Hormonen ben\u00f6tigt werden. Auf diese Weise verlangsamen manche auch den Abbau von Hormonen, f\u00fcr den ebenfalls Enzyme zust\u00e4ndig sind.<\/p>\n<p>Die Folge: Die Konzentration der Hormone steigt an. Handelt es sich bei diesem Hormon um \u00d6strogen, kann es zur Verweiblichung kommen. Um eine St\u00f6rung des Hormonsystems auszul\u00f6sen, reichen bereits winzige Mengen eines Umwelthormons aus.<\/p>\n<p><span style=\"text-decoration: underline;\"><strong>Wie Umwelthormone Tiere krank machen<\/strong><\/span><\/p>\n<p>Die Kaulquappen sahen aus wie im Horrorfilm: Gro\u00df wie M\u00e4use schwammen sie im Aquarium des Berliner Leibniz-Instituts f\u00fcr Gew\u00e4sser\u00f6kologie und Binnenfischerei herum. Statt sich wie die Kaulquappen im Becken nebenan zu Fr\u00f6schen zu entwickeln, waren sie einfach nur gewachsen.<\/p>\n<p>Die Forscher hatten die widernat\u00fcrliche Entwicklung durch Pestizide ausgel\u00f6st, die sie in hoher Konzentration dem Wasser beigemischt hatten. Bei Kaulquappen wird die Metamorphose durch Hormone bestimmt. Offenbar hatten Bestandteile der Pestizide diesen Mechanismus unterbunden.<\/p>\n<p>Der Versuch an der Berliner Charit\u00e9 hat einmal mehr gezeigt, wie leicht das Hormonsystem von Tieren von au\u00dfen beeinflusst werden kann. Dabei wirken l\u00e4ngst nicht nur aus den Feldern geschwemmte Pestizid-R\u00fcckst\u00e4nde auf die Tiere ein. Auch Hauschemikalien und Abfallprodukte aus der Industrie bringen den Hormonhaushalt durcheinander.<\/p>\n<p>Bei im Rhein lebenden Barschen fanden Wissenschaftler um ein Vielfaches vergr\u00f6\u00dferte Hoden. Die im Meer lebende Wellhornschnecke wurde vermutlich durch eine inzwischen verbotene Zinnverbindung in Schiffsanstrichen zum Zwitter.<\/p>\n<p>Dazu kommen synthetisch hergestellte Hormone, wie sie in der Anti-Baby-Pille oder bei Hormonersatz- und Krebstherapien eingesetzt werden. In England entdeckten Forscher in den Gehirnen von Vogelm\u00e4nnchen, die in der N\u00e4he von Kl\u00e4ranlagen gelebt hatten, ungew\u00f6hnlich gro\u00dfe Sexualzentren.<\/p>\n<p>Die Forscher machten als Ursache die \u00f6strogenhaltigen Schnecken in den Kl\u00e4rbecken aus, von denen sich die V\u00f6gel ern\u00e4hrt hatten. Das gr\u00f6\u00dfere Sexualzentrum machte die V\u00f6gel zwar zu besseren S\u00e4ngern, aber sie starben auch sehr viel fr\u00fcher.<\/p>\n<p><span style=\"text-decoration: underline;\"><strong>Wie Umwelthormone das menschliche Hormonsystem st\u00f6ren<\/strong><\/span><\/p>\n<p>Weil Menschen vielen Umwelteinfl\u00fcssen ausgesetzt sind, ist die Frage, wie Umwelthormone wirken, nicht immer eindeutig zu beantworten. Bei den Phthalaten vermuten Forscher, dass sie die Bildung des m\u00e4nnlichen Sexualhormons Testosteron st\u00f6ren. Mit der Folge, dass die Spermienqualit\u00e4t schlechter ist. D\u00e4nemark hat die Phthalate deshalb verboten.<\/p>\n<p>Als gesichert gilt, dass das Antiwurmgift Dibromchlorphenol bei M\u00e4nnern zur Unfruchtbarkeit f\u00fchrt. Dies ergaben Untersuchungen von Plantagenarbeitern in Costa Rica, die von 1970 bis 1990 mit dem Gift in Ber\u00fchrung gekommen waren.<\/p>\n<p>Von dem heute verbotenen Insektizid Chlordecon wei\u00df man, dass es \u00f6strogenartig wirkt und auf diese Weise die Spermienqualit\u00e4t verschlechtert.<\/p>\n<p>Ein anderes Beispiel ist der Wirkstoff Diethylstilbestrol. Zwischen 1940 und 1970 wurde er schwangeren Frauen verabreicht, um Fehl- oder Fr\u00fchgeburten zu verhindern. Heute wei\u00df man, dass sich der Wirkstoff an die Rezeptoren der \u00d6strogene bindet.<\/p>\n<p>Bekamen die werdenden M\u00fctter das Pr\u00e4parat bereits sehr fr\u00fch, bildeten sich bei den Kindern die Geschlechtsorgane h\u00e4ufig nicht richtig aus. Auch Sterilit\u00e4t im Erwachsenenalter und Vaginalkrebs wird auf Diethylstilbestrol zur\u00fcckgef\u00fchrt.<\/p>\n<p><span style=\"text-decoration: underline;\"><strong>Wie kann man sich vor Umwelthormonen sch\u00fctzen?<\/strong><\/span><\/p>\n<p>Leider sind die Strategien zum Schutz vor Umwelthormonen sehr begrenzt, weil die Molek\u00fcle weder zu sehen noch zu riechen sind. Wichtig ist, dass man beim Kauf von Plastik-Produkten auf den Zusatz &#8222;-frei&#8220; achtet. Anders als kommen etliche andere Kunststoffe ohne Weichmacher aus.<\/p>\n<p>Au\u00dferdem ist in der europ\u00e4ischen Chemikalienverordnung ein umfassendes Auskunftsrecht zu sch\u00e4dlichen Inhaltsstoffen verankert. Dazu geh\u00f6ren auch Umwelthormone. Das setzt allerdings voraus, dass die H\u00e4ndler \u00fcber die entsprechenden Informationen verf\u00fcgen. Ein Lichtblick ist, dass es mittlerweile Weichmacher gibt, die einige der besonders sch\u00e4dlichen Weichmacher ersetzen k\u00f6nnen.<\/p>\n<p><span style=\"text-decoration: underline;\"><strong><span style=\"color: #ffcc00; text-decoration: underline;\">Nachtrag zum Beitrag und Anmerkung meinerseits :<\/span> <\/strong><\/span><\/p>\n<p><span lang=\"en-US\">Plastikbeh\u00e4lter haben in der Regel auf dem Boden eine Recycling oder Identifikationsnummer, anhand man die Art des Plastik <\/span><span lang=\"en-US\">erkennen<\/span><span lang=\"en-US\"> kann.<\/span><\/p>\n<p><img decoding=\"async\" loading=\"lazy\" class=\"wp-image-897 aligncenter\" src=\"http:\/\/paraoa-freediving.com\/wp-content\/uploads\/2017\/07\/ric-300x61.jpeg\" alt=\"ric\" width=\"507\" height=\"103\" srcset=\"https:\/\/paraoa-freediving.com\/wp-content\/uploads\/2017\/07\/ric-300x61.jpeg 300w, https:\/\/paraoa-freediving.com\/wp-content\/uploads\/2017\/07\/ric-768x156.jpeg 768w, https:\/\/paraoa-freediving.com\/wp-content\/uploads\/2017\/07\/ric.jpeg 888w\" sizes=\"(max-width: 507px) 100vw, 507px\" \/><\/p>\n<p><span lang=\"en-US\"><span style=\"text-decoration: underline;\"><strong>Merke Dir :<\/strong><\/span> <\/span><\/p>\n<p><span lang=\"en-US\">Nummer 2, 4 und 5 sind <span style=\"text-decoration: underline;\">gesundheitsunbedenklich<\/span>!!! Die anderen Nummern enthalten endo<\/span><span lang=\"en-US\">k<\/span><span lang=\"en-US\">rine Disruptoren!<\/span><\/p>\n<p><span lang=\"en-US\">Alles in diesen Beh\u00e4ltern <\/span><span lang=\"en-US\">aufbewahrte<\/span><span lang=\"en-US\"> kann zu oben aufgef\u00fchrten Krankheiten f\u00fchren. Es ist <\/span><span lang=\"en-US\">sicher<\/span><span lang=\"en-US\">, es ist ein <\/span><span lang=\"en-US\">indirekter Nahrungsz<\/span><span lang=\"en-US\">usatz und sollte von Gesetzes wegen aufgelistet<\/span><span lang=\"en-US\"> werden als Bestandteil (Inhaltsstoff) der Nahrung!<\/span><\/p>\n<div>\n<div>\n<div>\n<p>Quelle :<\/p>\n<p><a href=\"http:\/\/www.planet-wissen.de\/natur\/anatomie_des_menschen\/hormone\/pwieumwelthormone100.html\" target=\"_blank\" rel=\"noopener\">http:\/\/www.planet-wissen.de\/natur\/anatomie_des_menschen\/hormone\/pwieumwelthormone100.html<\/a><\/p>\n<\/div>\n<\/div>\n<\/div>\n<p>&nbsp;<\/p>\n<p>\u2190 Vorherig:\u00a0<a href=\"http:\/\/paraoa-freediving.com\/de\/about\/avoid-1\/tafelsalz\/\" target=\"_blank\" rel=\"noopener\">Tafelsalz<\/a><\/p>\n","protected":false},"excerpt":{"rendered":"<p>Umwelthormone Autorin : Beate Krol Wissenschaftler unterscheiden zwischen k\u00f6rpereigenen Hormonen und Umwelthormonen. Letztere sind keine Hormone im eigentlichen Sinne, sondern Molek\u00fcle, die sich wie Hormone verhalten. Diese sogenannten Xenohormone oder auch endokrinen Disruptoren kommen nahezu \u00fcberall in der Umwelt vor. Was sind Umwelthormone? Umwelthormone \u00fcberlisten das Hormonsystem auf vielf\u00e4ltige Weise. Manche Tierarten sind schon von [&hellip;]<\/p>\n","protected":false},"author":2,"featured_media":0,"parent":694,"menu_order":30,"comment_status":"closed","ping_status":"closed","template":"","meta":[],"yoast_head":"<!-- This site is optimized with the Yoast SEO plugin v19.14 - https:\/\/yoast.com\/wordpress\/plugins\/seo\/ -->\n<title>Hormone in Plastik und Umwelt | Par\u0101oa Freediving Moalboal Philippines<\/title>\n<meta name=\"description\" content=\"Sie stecken in Pestiziden, Medikamenten, Kosmetika sowie etlichen Plastikprodukten und reichern sich in der Luft, im Boden und im Wasser an. Weil sie so winzig sind, gelangen sie \u00fcber den Atem, aber auch durch die Haut in die K\u00f6rper von Tieren und Menschen und greifen dort in das Hormonsystem ein.\" \/>\n<meta name=\"robots\" content=\"index, follow, max-snippet:-1, max-image-preview:large, max-video-preview:-1\" \/>\n<link rel=\"canonical\" href=\"https:\/\/paraoa-freediving.com\/de\/about\/avoid-1\/hormone-plastik-und-umwelt\/\" \/>\n<meta property=\"og:locale\" content=\"de_DE\" \/>\n<meta property=\"og:type\" content=\"article\" \/>\n<meta property=\"og:title\" content=\"Hormone in Plastik und Umwelt | Par\u0101oa Freediving Moalboal Philippines\" \/>\n<meta property=\"og:description\" content=\"Sie stecken in Pestiziden, Medikamenten, Kosmetika sowie etlichen Plastikprodukten und reichern sich in der Luft, im Boden und im Wasser an. Weil sie so winzig sind, gelangen sie \u00fcber den Atem, aber auch durch die Haut in die K\u00f6rper von Tieren und Menschen und greifen dort in das Hormonsystem ein.\" \/>\n<meta property=\"og:url\" content=\"https:\/\/paraoa-freediving.com\/de\/about\/avoid-1\/hormone-plastik-und-umwelt\/\" \/>\n<meta property=\"og:site_name\" content=\"Par\u0101oa Freediving in Moalboal Philippines\" \/>\n<meta property=\"article:modified_time\" content=\"2018-02-26T14:19:33+00:00\" \/>\n<meta property=\"og:image\" content=\"http:\/\/paraoa-freediving.com\/wp-content\/uploads\/2017\/07\/plastc-300x200.jpg\" \/>\n<meta name=\"twitter:card\" content=\"summary_large_image\" \/>\n<meta name=\"twitter:label1\" content=\"Gesch\u00e4tzte Lesezeit\" \/>\n\t<meta name=\"twitter:data1\" content=\"5 Minuten\" \/>\n<script type=\"application\/ld+json\" class=\"yoast-schema-graph\">{\"@context\":\"https:\/\/schema.org\",\"@graph\":[{\"@type\":\"WebPage\",\"@id\":\"https:\/\/paraoa-freediving.com\/de\/about\/avoid-1\/hormone-plastik-und-umwelt\/\",\"url\":\"https:\/\/paraoa-freediving.com\/de\/about\/avoid-1\/hormone-plastik-und-umwelt\/\",\"name\":\"Hormone in Plastik und Umwelt | Par\u0101oa Freediving Moalboal Philippines\",\"isPartOf\":{\"@id\":\"https:\/\/paraoa-freediving.com\/#website\"},\"datePublished\":\"2018-02-06T18:27:38+00:00\",\"dateModified\":\"2018-02-26T14:19:33+00:00\",\"description\":\"Sie stecken in Pestiziden, Medikamenten, Kosmetika sowie etlichen Plastikprodukten und reichern sich in der Luft, im Boden und im Wasser an. Weil sie so winzig sind, gelangen sie \u00fcber den Atem, aber auch durch die Haut in die K\u00f6rper von Tieren und Menschen und greifen dort in das Hormonsystem ein.\",\"breadcrumb\":{\"@id\":\"https:\/\/paraoa-freediving.com\/de\/about\/avoid-1\/hormone-plastik-und-umwelt\/#breadcrumb\"},\"inLanguage\":\"de-DE\",\"potentialAction\":[{\"@type\":\"ReadAction\",\"target\":[\"https:\/\/paraoa-freediving.com\/de\/about\/avoid-1\/hormone-plastik-und-umwelt\/\"]}]},{\"@type\":\"BreadcrumbList\",\"@id\":\"https:\/\/paraoa-freediving.com\/de\/about\/avoid-1\/hormone-plastik-und-umwelt\/#breadcrumb\",\"itemListElement\":[{\"@type\":\"ListItem\",\"position\":1,\"name\":\"Home\",\"item\":\"https:\/\/paraoa-freediving.com\/de\/\"},{\"@type\":\"ListItem\",\"position\":2,\"name\":\"\u00dcber\",\"item\":\"https:\/\/paraoa-freediving.com\/de\/about\/\"},{\"@type\":\"ListItem\",\"position\":3,\"name\":\"Vermeide 1\",\"item\":\"https:\/\/paraoa-freediving.com\/de\/about\/avoid-1\/\"},{\"@type\":\"ListItem\",\"position\":4,\"name\":\"Hormone in Plastik und Umwelt\"}]},{\"@type\":\"WebSite\",\"@id\":\"https:\/\/paraoa-freediving.com\/#website\",\"url\":\"https:\/\/paraoa-freediving.com\/\",\"name\":\"Par\u0101oa Freediving in Moalboal Philippines\",\"description\":\"Learn to Freedive in Moalboal Philippines\",\"potentialAction\":[{\"@type\":\"SearchAction\",\"target\":{\"@type\":\"EntryPoint\",\"urlTemplate\":\"https:\/\/paraoa-freediving.com\/?s={search_term_string}\"},\"query-input\":\"required name=search_term_string\"}],\"inLanguage\":\"de-DE\"}]}<\/script>\n<!-- \/ Yoast SEO plugin. -->","yoast_head_json":{"title":"Hormone in Plastik und Umwelt | Par\u0101oa Freediving Moalboal Philippines","description":"Sie stecken in Pestiziden, Medikamenten, Kosmetika sowie etlichen Plastikprodukten und reichern sich in der Luft, im Boden und im Wasser an. Weil sie so winzig sind, gelangen sie \u00fcber den Atem, aber auch durch die Haut in die K\u00f6rper von Tieren und Menschen und greifen dort in das Hormonsystem ein.","robots":{"index":"index","follow":"follow","max-snippet":"max-snippet:-1","max-image-preview":"max-image-preview:large","max-video-preview":"max-video-preview:-1"},"canonical":"https:\/\/paraoa-freediving.com\/de\/about\/avoid-1\/hormone-plastik-und-umwelt\/","og_locale":"de_DE","og_type":"article","og_title":"Hormone in Plastik und Umwelt | Par\u0101oa Freediving Moalboal Philippines","og_description":"Sie stecken in Pestiziden, Medikamenten, Kosmetika sowie etlichen Plastikprodukten und reichern sich in der Luft, im Boden und im Wasser an. Weil sie so winzig sind, gelangen sie \u00fcber den Atem, aber auch durch die Haut in die K\u00f6rper von Tieren und Menschen und greifen dort in das Hormonsystem ein.","og_url":"https:\/\/paraoa-freediving.com\/de\/about\/avoid-1\/hormone-plastik-und-umwelt\/","og_site_name":"Par\u0101oa Freediving in Moalboal Philippines","article_modified_time":"2018-02-26T14:19:33+00:00","og_image":[{"url":"http:\/\/paraoa-freediving.com\/wp-content\/uploads\/2017\/07\/plastc-300x200.jpg"}],"twitter_card":"summary_large_image","twitter_misc":{"Gesch\u00e4tzte Lesezeit":"5 Minuten"},"schema":{"@context":"https:\/\/schema.org","@graph":[{"@type":"WebPage","@id":"https:\/\/paraoa-freediving.com\/de\/about\/avoid-1\/hormone-plastik-und-umwelt\/","url":"https:\/\/paraoa-freediving.com\/de\/about\/avoid-1\/hormone-plastik-und-umwelt\/","name":"Hormone in Plastik und Umwelt | Par\u0101oa Freediving Moalboal Philippines","isPartOf":{"@id":"https:\/\/paraoa-freediving.com\/#website"},"datePublished":"2018-02-06T18:27:38+00:00","dateModified":"2018-02-26T14:19:33+00:00","description":"Sie stecken in Pestiziden, Medikamenten, Kosmetika sowie etlichen Plastikprodukten und reichern sich in der Luft, im Boden und im Wasser an. Weil sie so winzig sind, gelangen sie \u00fcber den Atem, aber auch durch die Haut in die K\u00f6rper von Tieren und Menschen und greifen dort in das Hormonsystem ein.","breadcrumb":{"@id":"https:\/\/paraoa-freediving.com\/de\/about\/avoid-1\/hormone-plastik-und-umwelt\/#breadcrumb"},"inLanguage":"de-DE","potentialAction":[{"@type":"ReadAction","target":["https:\/\/paraoa-freediving.com\/de\/about\/avoid-1\/hormone-plastik-und-umwelt\/"]}]},{"@type":"BreadcrumbList","@id":"https:\/\/paraoa-freediving.com\/de\/about\/avoid-1\/hormone-plastik-und-umwelt\/#breadcrumb","itemListElement":[{"@type":"ListItem","position":1,"name":"Home","item":"https:\/\/paraoa-freediving.com\/de\/"},{"@type":"ListItem","position":2,"name":"\u00dcber","item":"https:\/\/paraoa-freediving.com\/de\/about\/"},{"@type":"ListItem","position":3,"name":"Vermeide 1","item":"https:\/\/paraoa-freediving.com\/de\/about\/avoid-1\/"},{"@type":"ListItem","position":4,"name":"Hormone in Plastik und Umwelt"}]},{"@type":"WebSite","@id":"https:\/\/paraoa-freediving.com\/#website","url":"https:\/\/paraoa-freediving.com\/","name":"Par\u0101oa Freediving in Moalboal Philippines","description":"Learn to Freedive in Moalboal Philippines","potentialAction":[{"@type":"SearchAction","target":{"@type":"EntryPoint","urlTemplate":"https:\/\/paraoa-freediving.com\/?s={search_term_string}"},"query-input":"required name=search_term_string"}],"inLanguage":"de-DE"}]}},"_links":{"self":[{"href":"https:\/\/paraoa-freediving.com\/de\/wp-json\/wp\/v2\/pages\/1172"}],"collection":[{"href":"https:\/\/paraoa-freediving.com\/de\/wp-json\/wp\/v2\/pages"}],"about":[{"href":"https:\/\/paraoa-freediving.com\/de\/wp-json\/wp\/v2\/types\/page"}],"author":[{"embeddable":true,"href":"https:\/\/paraoa-freediving.com\/de\/wp-json\/wp\/v2\/users\/2"}],"replies":[{"embeddable":true,"href":"https:\/\/paraoa-freediving.com\/de\/wp-json\/wp\/v2\/comments?post=1172"}],"version-history":[{"count":3,"href":"https:\/\/paraoa-freediving.com\/de\/wp-json\/wp\/v2\/pages\/1172\/revisions"}],"predecessor-version":[{"id":1283,"href":"https:\/\/paraoa-freediving.com\/de\/wp-json\/wp\/v2\/pages\/1172\/revisions\/1283"}],"up":[{"embeddable":true,"href":"https:\/\/paraoa-freediving.com\/de\/wp-json\/wp\/v2\/pages\/694"}],"wp:attachment":[{"href":"https:\/\/paraoa-freediving.com\/de\/wp-json\/wp\/v2\/media?parent=1172"}],"curies":[{"name":"wp","href":"https:\/\/api.w.org\/{rel}","templated":true}]}}