{"id":146,"date":"2016-01-21T01:41:44","date_gmt":"2016-01-21T01:41:44","guid":{"rendered":"http:\/\/paraoa-freediving.com\/de\/?page_id=146"},"modified":"2018-02-25T13:17:17","modified_gmt":"2018-02-25T13:17:17","slug":"home","status":"publish","type":"page","link":"https:\/\/paraoa-freediving.com\/de\/","title":{"rendered":"Home"},"content":{"rendered":"<p>Freitauchen,<\/p>\n<p>ist die \u00e4lteste und nat\u00fcrlichste Form mit angehaltenem Atem unter Wasser zu sein. Es wird seit Tausenden von Jahren angewandt um Muscheln, Perlen und Schw\u00e4mme zu sammeln und Fische zu jagen.<\/p>\n<p>Seit einigen Jahrzehnten hat Freitauchen im Leistungssport Einzug gehalten und immer l\u00e4ngere Apnoezeiten sowie Strecken und Tiefenleistungen werden erreicht.<\/p>\n<p>Erlebe auch DU das Gef\u00fchl eins zu sein mit der See, tauche ein in das Reich wo einst das Leben entstand. Genie\u00dfe den Frieden und die Ruhe, umgeben von einer unglaublichen Artenvielfalt.<\/p>\n<p>Freitauchen verbessert K\u00f6rper- und Geisteswahrnehmung und wird Dir helfen diese Wechselwirkung besser in Einklang zu bringen.<\/p>\n<p style=\"text-align: center;\">&#8211;<a href=\"#courses\">Erlebe was es wirklich bedeutet, FREI zu tauchen<\/a>&#8211;<\/p>\n","protected":false},"excerpt":{"rendered":"<p>Freitauchen, ist die \u00e4lteste und nat\u00fcrlichste Form mit angehaltenem Atem unter Wasser zu sein. Es wird seit Tausenden von Jahren angewandt um Muscheln, Perlen und Schw\u00e4mme zu sammeln und Fische zu jagen. Seit einigen Jahrzehnten hat Freitauchen im Leistungssport Einzug gehalten und immer l\u00e4ngere Apnoezeiten sowie Strecken und Tiefenleistungen werden erreicht. Erlebe auch DU das [&hellip;]<\/p>\n","protected":false},"author":1,"featured_media":0,"parent":0,"menu_order":10,"comment_status":"closed","ping_status":"closed","template":"","meta":[],"yoast_head":"<!-- This site is optimized with the Yoast SEO plugin v19.14 - https:\/\/yoast.com\/wordpress\/plugins\/seo\/ -->\n<title>Par\u0101oa Homepage | Par\u0101oa Freediving Moalboal Philippines<\/title>\n<meta name=\"description\" content=\"Freitauchen, ist die \u00e4lteste und nat\u00fcrlichste Form mit angehaltenem Atem unter Wasser zu sein. Es wird seit Tausenden von Jahren angewandt um Muscheln... Seit einigen Jahrzehnten hat Freitauchen im Leistungssport Einzug... Erlebe auch DU das Gef\u00fchl eins zu sein mit der See, tauche ein in das Reich...\" \/>\n<meta name=\"robots\" content=\"index, follow, max-snippet:-1, max-image-preview:large, max-video-preview:-1\" \/>\n<link rel=\"canonical\" href=\"https:\/\/paraoa-freediving.com\/de\/\" \/>\n<meta property=\"og:locale\" content=\"de_DE\" \/>\n<meta property=\"og:type\" content=\"article\" \/>\n<meta property=\"og:title\" content=\"Par\u0101oa Homepage | Par\u0101oa Freediving Moalboal Philippines\" \/>\n<meta property=\"og:description\" content=\"Freitauchen, ist die \u00e4lteste und nat\u00fcrlichste Form mit angehaltenem Atem unter Wasser zu sein. Es wird seit Tausenden von Jahren angewandt um Muscheln... Seit einigen Jahrzehnten hat Freitauchen im Leistungssport Einzug... Erlebe auch DU das Gef\u00fchl eins zu sein mit der See, tauche ein in das Reich...\" \/>\n<meta property=\"og:url\" content=\"https:\/\/paraoa-freediving.com\/de\/\" \/>\n<meta property=\"og:site_name\" content=\"Par\u0101oa Freediving in Moalboal Philippines\" \/>\n<meta property=\"article:modified_time\" content=\"2018-02-25T13:17:17+00:00\" \/>\n<meta name=\"twitter:card\" content=\"summary_large_image\" \/>\n<meta name=\"twitter:label1\" content=\"Gesch\u00e4tzte Lesezeit\" \/>\n\t<meta name=\"twitter:data1\" content=\"1 Minute\" \/>\n<script type=\"application\/ld+json\" class=\"yoast-schema-graph\">{\"@context\":\"https:\/\/schema.org\",\"@graph\":[{\"@type\":\"WebPage\",\"@id\":\"https:\/\/paraoa-freediving.com\/de\/\",\"url\":\"https:\/\/paraoa-freediving.com\/de\/\",\"name\":\"Par\u0101oa Homepage | Par\u0101oa Freediving Moalboal Philippines\",\"isPartOf\":{\"@id\":\"https:\/\/paraoa-freediving.com\/#website\"},\"datePublished\":\"2016-01-21T01:41:44+00:00\",\"dateModified\":\"2018-02-25T13:17:17+00:00\",\"description\":\"Freitauchen, ist die \u00e4lteste und nat\u00fcrlichste Form mit angehaltenem Atem unter Wasser zu sein. Es wird seit Tausenden von Jahren angewandt um Muscheln... Seit einigen Jahrzehnten hat Freitauchen im Leistungssport Einzug... Erlebe auch DU das Gef\u00fchl eins zu sein mit der See, tauche ein in das Reich...\",\"breadcrumb\":{\"@id\":\"https:\/\/paraoa-freediving.com\/de\/#breadcrumb\"},\"inLanguage\":\"de-DE\",\"potentialAction\":[{\"@type\":\"ReadAction\",\"target\":[\"https:\/\/paraoa-freediving.com\/de\/\"]}]},{\"@type\":\"BreadcrumbList\",\"@id\":\"https:\/\/paraoa-freediving.com\/de\/#breadcrumb\",\"itemListElement\":[{\"@type\":\"ListItem\",\"position\":1,\"name\":\"Home\",\"item\":\"https:\/\/paraoa-freediving.com\/de\/\"},{\"@type\":\"ListItem\",\"position\":2,\"name\":\"Home\"}]},{\"@type\":\"WebSite\",\"@id\":\"https:\/\/paraoa-freediving.com\/#website\",\"url\":\"https:\/\/paraoa-freediving.com\/\",\"name\":\"Par\u0101oa Freediving in Moalboal Philippines\",\"description\":\"Learn to Freedive in Moalboal Philippines\",\"potentialAction\":[{\"@type\":\"SearchAction\",\"target\":{\"@type\":\"EntryPoint\",\"urlTemplate\":\"https:\/\/paraoa-freediving.com\/?s={search_term_string}\"},\"query-input\":\"required name=search_term_string\"}],\"inLanguage\":\"de-DE\"}]}<\/script>\n<!-- \/ Yoast SEO plugin. -->","yoast_head_json":{"title":"Par\u0101oa Homepage | Par\u0101oa Freediving Moalboal Philippines","description":"Freitauchen, ist die \u00e4lteste und nat\u00fcrlichste Form mit angehaltenem Atem unter Wasser zu sein. Es wird seit Tausenden von Jahren angewandt um Muscheln... Seit einigen Jahrzehnten hat Freitauchen im Leistungssport Einzug... Erlebe auch DU das Gef\u00fchl eins zu sein mit der See, tauche ein in das Reich...","robots":{"index":"index","follow":"follow","max-snippet":"max-snippet:-1","max-image-preview":"max-image-preview:large","max-video-preview":"max-video-preview:-1"},"canonical":"https:\/\/paraoa-freediving.com\/de\/","og_locale":"de_DE","og_type":"article","og_title":"Par\u0101oa Homepage | Par\u0101oa Freediving Moalboal Philippines","og_description":"Freitauchen, ist die \u00e4lteste und nat\u00fcrlichste Form mit angehaltenem Atem unter Wasser zu sein. Es wird seit Tausenden von Jahren angewandt um Muscheln... Seit einigen Jahrzehnten hat Freitauchen im Leistungssport Einzug... Erlebe auch DU das Gef\u00fchl eins zu sein mit der See, tauche ein in das Reich...","og_url":"https:\/\/paraoa-freediving.com\/de\/","og_site_name":"Par\u0101oa Freediving in Moalboal Philippines","article_modified_time":"2018-02-25T13:17:17+00:00","twitter_card":"summary_large_image","twitter_misc":{"Gesch\u00e4tzte Lesezeit":"1 Minute"},"schema":{"@context":"https:\/\/schema.org","@graph":[{"@type":"WebPage","@id":"https:\/\/paraoa-freediving.com\/de\/","url":"https:\/\/paraoa-freediving.com\/de\/","name":"Par\u0101oa Homepage | Par\u0101oa Freediving Moalboal Philippines","isPartOf":{"@id":"https:\/\/paraoa-freediving.com\/#website"},"datePublished":"2016-01-21T01:41:44+00:00","dateModified":"2018-02-25T13:17:17+00:00","description":"Freitauchen, ist die \u00e4lteste und nat\u00fcrlichste Form mit angehaltenem Atem unter Wasser zu sein. Es wird seit Tausenden von Jahren angewandt um Muscheln... Seit einigen Jahrzehnten hat Freitauchen im Leistungssport Einzug... Erlebe auch DU das Gef\u00fchl eins zu sein mit der See, tauche ein in das Reich...","breadcrumb":{"@id":"https:\/\/paraoa-freediving.com\/de\/#breadcrumb"},"inLanguage":"de-DE","potentialAction":[{"@type":"ReadAction","target":["https:\/\/paraoa-freediving.com\/de\/"]}]},{"@type":"BreadcrumbList","@id":"https:\/\/paraoa-freediving.com\/de\/#breadcrumb","itemListElement":[{"@type":"ListItem","position":1,"name":"Home","item":"https:\/\/paraoa-freediving.com\/de\/"},{"@type":"ListItem","position":2,"name":"Home"}]},{"@type":"WebSite","@id":"https:\/\/paraoa-freediving.com\/#website","url":"https:\/\/paraoa-freediving.com\/","name":"Par\u0101oa Freediving in Moalboal Philippines","description":"Learn to Freedive in Moalboal Philippines","potentialAction":[{"@type":"SearchAction","target":{"@type":"EntryPoint","urlTemplate":"https:\/\/paraoa-freediving.com\/?s={search_term_string}"},"query-input":"required name=search_term_string"}],"inLanguage":"de-DE"}]}},"_links":{"self":[{"href":"https:\/\/paraoa-freediving.com\/de\/wp-json\/wp\/v2\/pages\/146"}],"collection":[{"href":"https:\/\/paraoa-freediving.com\/de\/wp-json\/wp\/v2\/pages"}],"about":[{"href":"https:\/\/paraoa-freediving.com\/de\/wp-json\/wp\/v2\/types\/page"}],"author":[{"embeddable":true,"href":"https:\/\/paraoa-freediving.com\/de\/wp-json\/wp\/v2\/users\/1"}],"replies":[{"embeddable":true,"href":"https:\/\/paraoa-freediving.com\/de\/wp-json\/wp\/v2\/comments?post=146"}],"version-history":[{"count":6,"href":"https:\/\/paraoa-freediving.com\/de\/wp-json\/wp\/v2\/pages\/146\/revisions"}],"predecessor-version":[{"id":1301,"href":"https:\/\/paraoa-freediving.com\/de\/wp-json\/wp\/v2\/pages\/146\/revisions\/1301"}],"wp:attachment":[{"href":"https:\/\/paraoa-freediving.com\/de\/wp-json\/wp\/v2\/media?parent=146"}],"curies":[{"name":"wp","href":"https:\/\/api.w.org\/{rel}","templated":true}]}}