{"id":160,"date":"2016-01-21T01:54:08","date_gmt":"2016-01-21T01:54:08","guid":{"rendered":"http:\/\/paraoa-freediving.com\/de\/?page_id=160"},"modified":"2018-02-07T11:34:34","modified_gmt":"2018-02-07T11:34:34","slug":"master-freitauchlehrer","status":"publish","type":"page","link":"https:\/\/paraoa-freediving.com\/de\/courses\/master-freitauchlehrer\/","title":{"rendered":"Master Freitauchlehrer"},"content":{"rendered":"<p>Die Master-Freitauchlehrer Qualifikation erlaubt dem 40m Freitauchlehrer, zus\u00e4tzlich zu Level 1 und Level 2, auch Level 3 (Master Freitaucher) zu unterrichten.<\/p>\n<p>Dies ist die gr\u00f6\u00dfte Herausforderung in dem Freitauch-Ausbildungssystem, da die Kandidaten Tiefen-Freitauchskills zeigen und ausbilden m\u00fcssen. Dies beinhaltet unter anderem einen 60m Pflicht Abschluss-Tieftauchgang! (CTW)<\/p>\n<p>Kursvoraussetzungen : mindestens 18 Jahre alt, bestandener Freitauchlehrer Kurs oder gleichgestellter Kurs einer anderen Organisation, Unterschrift einer medizinischen Erkl\u00e4rung und des Haftungsausschlusses, g\u00fcltiger Nachweis eines Wiederbelebungskurses und Sauerstoff-Anbieter Zertifizierung.<\/p>\n<p>Preis : <a href=\"http:\/\/paraoa-freediving.com\/de\/contact\/\">auf Anfrage<\/a><\/p>\n","protected":false},"excerpt":{"rendered":"<p>Die Master-Freitauchlehrer Qualifikation erlaubt dem 40m Freitauchlehrer, zus\u00e4tzlich zu Level 1 und Level 2, auch Level 3 (Master Freitaucher) zu unterrichten. Dies ist die gr\u00f6\u00dfte Herausforderung in dem Freitauch-Ausbildungssystem, da die Kandidaten Tiefen-Freitauchskills zeigen und ausbilden m\u00fcssen. Dies beinhaltet unter anderem einen 60m Pflicht Abschluss-Tieftauchgang! (CTW) Kursvoraussetzungen : mindestens 18 Jahre alt, bestandener Freitauchlehrer Kurs [&hellip;]<\/p>\n","protected":false},"author":1,"featured_media":1027,"parent":150,"menu_order":60,"comment_status":"closed","ping_status":"closed","template":"","meta":[],"yoast_head":"<!-- This site is optimized with the Yoast SEO plugin v19.14 - https:\/\/yoast.com\/wordpress\/plugins\/seo\/ -->\n<title>Master Freitauchlehrer | Par\u0101oa Freediving in Moalboal Philippines<\/title>\n<meta name=\"description\" content=\"Die Master-Freitauchlehrer Qualifikation erlaubt dem 40m Freitauchlehrer, zus\u00e4tzlich zu Level 1 und Level 2, auch Level 3 (Master Freitaucher) zu unterrichten. Dies ist die gr\u00f6\u00dfte Herausforderung in dem Freitauch-Ausbildungssystem, da die Kandidaten Tiefen-Freitauchskills zeigen und ausbilden m\u00fcssen....\" \/>\n<meta name=\"robots\" content=\"index, follow, max-snippet:-1, max-image-preview:large, max-video-preview:-1\" \/>\n<link rel=\"canonical\" href=\"https:\/\/paraoa-freediving.com\/de\/courses\/master-freitauchlehrer\/\" \/>\n<meta property=\"og:locale\" content=\"de_DE\" \/>\n<meta property=\"og:type\" content=\"article\" \/>\n<meta property=\"og:title\" content=\"Master Freitauchlehrer | Par\u0101oa Freediving in Moalboal Philippines\" \/>\n<meta property=\"og:description\" content=\"Die Master-Freitauchlehrer Qualifikation erlaubt dem 40m Freitauchlehrer, zus\u00e4tzlich zu Level 1 und Level 2, auch Level 3 (Master Freitaucher) zu unterrichten. Dies ist die gr\u00f6\u00dfte Herausforderung in dem Freitauch-Ausbildungssystem, da die Kandidaten Tiefen-Freitauchskills zeigen und ausbilden m\u00fcssen....\" \/>\n<meta property=\"og:url\" content=\"https:\/\/paraoa-freediving.com\/de\/courses\/master-freitauchlehrer\/\" \/>\n<meta property=\"og:site_name\" content=\"Par\u0101oa Freediving in Moalboal Philippines\" \/>\n<meta property=\"article:modified_time\" content=\"2018-02-07T11:34:34+00:00\" \/>\n<meta property=\"og:image\" content=\"https:\/\/paraoa-freediving.com\/wp-content\/uploads\/2018\/01\/course_60m_instructor.jpg\" \/>\n\t<meta property=\"og:image:width\" content=\"117\" \/>\n\t<meta property=\"og:image:height\" content=\"176\" \/>\n\t<meta property=\"og:image:type\" content=\"image\/jpeg\" \/>\n<meta name=\"twitter:card\" content=\"summary_large_image\" \/>\n<script type=\"application\/ld+json\" class=\"yoast-schema-graph\">{\"@context\":\"https:\/\/schema.org\",\"@graph\":[{\"@type\":\"WebPage\",\"@id\":\"https:\/\/paraoa-freediving.com\/de\/courses\/master-freitauchlehrer\/\",\"url\":\"https:\/\/paraoa-freediving.com\/de\/courses\/master-freitauchlehrer\/\",\"name\":\"Master Freitauchlehrer | Par\u0101oa Freediving in Moalboal Philippines\",\"isPartOf\":{\"@id\":\"https:\/\/paraoa-freediving.com\/#website\"},\"datePublished\":\"2016-01-21T01:54:08+00:00\",\"dateModified\":\"2018-02-07T11:34:34+00:00\",\"description\":\"Die Master-Freitauchlehrer Qualifikation erlaubt dem 40m Freitauchlehrer, zus\u00e4tzlich zu Level 1 und Level 2, auch Level 3 (Master Freitaucher) zu unterrichten. Dies ist die gr\u00f6\u00dfte Herausforderung in dem Freitauch-Ausbildungssystem, da die Kandidaten Tiefen-Freitauchskills zeigen und ausbilden m\u00fcssen....\",\"breadcrumb\":{\"@id\":\"https:\/\/paraoa-freediving.com\/de\/courses\/master-freitauchlehrer\/#breadcrumb\"},\"inLanguage\":\"de-DE\",\"potentialAction\":[{\"@type\":\"ReadAction\",\"target\":[\"https:\/\/paraoa-freediving.com\/de\/courses\/master-freitauchlehrer\/\"]}]},{\"@type\":\"BreadcrumbList\",\"@id\":\"https:\/\/paraoa-freediving.com\/de\/courses\/master-freitauchlehrer\/#breadcrumb\",\"itemListElement\":[{\"@type\":\"ListItem\",\"position\":1,\"name\":\"Home\",\"item\":\"https:\/\/paraoa-freediving.com\/de\/\"},{\"@type\":\"ListItem\",\"position\":2,\"name\":\"Kurse\",\"item\":\"https:\/\/paraoa-freediving.com\/de\/courses\/\"},{\"@type\":\"ListItem\",\"position\":3,\"name\":\"Master Freitauchlehrer\"}]},{\"@type\":\"WebSite\",\"@id\":\"https:\/\/paraoa-freediving.com\/#website\",\"url\":\"https:\/\/paraoa-freediving.com\/\",\"name\":\"Par\u0101oa Freediving in Moalboal Philippines\",\"description\":\"Learn to Freedive in Moalboal Philippines\",\"potentialAction\":[{\"@type\":\"SearchAction\",\"target\":{\"@type\":\"EntryPoint\",\"urlTemplate\":\"https:\/\/paraoa-freediving.com\/?s={search_term_string}\"},\"query-input\":\"required name=search_term_string\"}],\"inLanguage\":\"de-DE\"}]}<\/script>\n<!-- \/ Yoast SEO plugin. -->","yoast_head_json":{"title":"Master Freitauchlehrer | Par\u0101oa Freediving in Moalboal Philippines","description":"Die Master-Freitauchlehrer Qualifikation erlaubt dem 40m Freitauchlehrer, zus\u00e4tzlich zu Level 1 und Level 2, auch Level 3 (Master Freitaucher) zu unterrichten. Dies ist die gr\u00f6\u00dfte Herausforderung in dem Freitauch-Ausbildungssystem, da die Kandidaten Tiefen-Freitauchskills zeigen und ausbilden m\u00fcssen....","robots":{"index":"index","follow":"follow","max-snippet":"max-snippet:-1","max-image-preview":"max-image-preview:large","max-video-preview":"max-video-preview:-1"},"canonical":"https:\/\/paraoa-freediving.com\/de\/courses\/master-freitauchlehrer\/","og_locale":"de_DE","og_type":"article","og_title":"Master Freitauchlehrer | Par\u0101oa Freediving in Moalboal Philippines","og_description":"Die Master-Freitauchlehrer Qualifikation erlaubt dem 40m Freitauchlehrer, zus\u00e4tzlich zu Level 1 und Level 2, auch Level 3 (Master Freitaucher) zu unterrichten. Dies ist die gr\u00f6\u00dfte Herausforderung in dem Freitauch-Ausbildungssystem, da die Kandidaten Tiefen-Freitauchskills zeigen und ausbilden m\u00fcssen....","og_url":"https:\/\/paraoa-freediving.com\/de\/courses\/master-freitauchlehrer\/","og_site_name":"Par\u0101oa Freediving in Moalboal Philippines","article_modified_time":"2018-02-07T11:34:34+00:00","og_image":[{"width":117,"height":176,"url":"https:\/\/paraoa-freediving.com\/wp-content\/uploads\/2018\/01\/course_60m_instructor.jpg","type":"image\/jpeg"}],"twitter_card":"summary_large_image","schema":{"@context":"https:\/\/schema.org","@graph":[{"@type":"WebPage","@id":"https:\/\/paraoa-freediving.com\/de\/courses\/master-freitauchlehrer\/","url":"https:\/\/paraoa-freediving.com\/de\/courses\/master-freitauchlehrer\/","name":"Master Freitauchlehrer | Par\u0101oa Freediving in Moalboal Philippines","isPartOf":{"@id":"https:\/\/paraoa-freediving.com\/#website"},"datePublished":"2016-01-21T01:54:08+00:00","dateModified":"2018-02-07T11:34:34+00:00","description":"Die Master-Freitauchlehrer Qualifikation erlaubt dem 40m Freitauchlehrer, zus\u00e4tzlich zu Level 1 und Level 2, auch Level 3 (Master Freitaucher) zu unterrichten. Dies ist die gr\u00f6\u00dfte Herausforderung in dem Freitauch-Ausbildungssystem, da die Kandidaten Tiefen-Freitauchskills zeigen und ausbilden m\u00fcssen....","breadcrumb":{"@id":"https:\/\/paraoa-freediving.com\/de\/courses\/master-freitauchlehrer\/#breadcrumb"},"inLanguage":"de-DE","potentialAction":[{"@type":"ReadAction","target":["https:\/\/paraoa-freediving.com\/de\/courses\/master-freitauchlehrer\/"]}]},{"@type":"BreadcrumbList","@id":"https:\/\/paraoa-freediving.com\/de\/courses\/master-freitauchlehrer\/#breadcrumb","itemListElement":[{"@type":"ListItem","position":1,"name":"Home","item":"https:\/\/paraoa-freediving.com\/de\/"},{"@type":"ListItem","position":2,"name":"Kurse","item":"https:\/\/paraoa-freediving.com\/de\/courses\/"},{"@type":"ListItem","position":3,"name":"Master Freitauchlehrer"}]},{"@type":"WebSite","@id":"https:\/\/paraoa-freediving.com\/#website","url":"https:\/\/paraoa-freediving.com\/","name":"Par\u0101oa Freediving in Moalboal Philippines","description":"Learn to Freedive in Moalboal Philippines","potentialAction":[{"@type":"SearchAction","target":{"@type":"EntryPoint","urlTemplate":"https:\/\/paraoa-freediving.com\/?s={search_term_string}"},"query-input":"required name=search_term_string"}],"inLanguage":"de-DE"}]}},"_links":{"self":[{"href":"https:\/\/paraoa-freediving.com\/de\/wp-json\/wp\/v2\/pages\/160"}],"collection":[{"href":"https:\/\/paraoa-freediving.com\/de\/wp-json\/wp\/v2\/pages"}],"about":[{"href":"https:\/\/paraoa-freediving.com\/de\/wp-json\/wp\/v2\/types\/page"}],"author":[{"embeddable":true,"href":"https:\/\/paraoa-freediving.com\/de\/wp-json\/wp\/v2\/users\/1"}],"replies":[{"embeddable":true,"href":"https:\/\/paraoa-freediving.com\/de\/wp-json\/wp\/v2\/comments?post=160"}],"version-history":[{"count":8,"href":"https:\/\/paraoa-freediving.com\/de\/wp-json\/wp\/v2\/pages\/160\/revisions"}],"predecessor-version":[{"id":1284,"href":"https:\/\/paraoa-freediving.com\/de\/wp-json\/wp\/v2\/pages\/160\/revisions\/1284"}],"up":[{"embeddable":true,"href":"https:\/\/paraoa-freediving.com\/de\/wp-json\/wp\/v2\/pages\/150"}],"wp:featuredmedia":[{"embeddable":true,"href":"https:\/\/paraoa-freediving.com\/de\/wp-json\/wp\/v2\/media\/1027"}],"wp:attachment":[{"href":"https:\/\/paraoa-freediving.com\/de\/wp-json\/wp\/v2\/media?parent=160"}],"curies":[{"name":"wp","href":"https:\/\/api.w.org\/{rel}","templated":true}]}}