{"id":168,"date":"2016-01-21T01:56:03","date_gmt":"2016-01-21T01:56:03","guid":{"rendered":"http:\/\/paraoa-freediving.com\/de\/?page_id=168"},"modified":"2018-01-28T18:41:07","modified_gmt":"2018-01-28T18:41:07","slug":"training","status":"publish","type":"page","link":"https:\/\/paraoa-freediving.com\/de\/courses\/training\/","title":{"rendered":"Training"},"content":{"rendered":"<p><img decoding=\"async\" loading=\"lazy\" class=\"size-medium wp-image-951 alignright\" src=\"http:\/\/paraoa-freediving.com\/wp-content\/uploads\/2018\/01\/fd-training-300x195.jpeg\" alt=\"\" width=\"300\" height=\"195\" \/>Du hast<a href=\"http:\/\/paraoa-freediving.com\/de\/courses\/entdecke-freitauchen\/\" target=\"_blank\" rel=\"noopener\"> Spa\u00df am Freitauchen gefunden<\/a> und m\u00f6chtest deine F\u00e4higkeiten vertiefen oder einfach deine Leistungen verbessern?<\/p>\n<p>Training wird ma\u00dfgeschneidert auf deine W\u00fcnsche und Vorstellungen!<\/p>\n<p><strong><span style=\"text-decoration: underline;\">\u00a0Nur f\u00fcr zertifizierte Freitaucher!<\/span><\/strong><\/p>\n<p>Dazu werden wir :<\/p>\n<ul class=\"list\">\n<li class=\"list-item\">das set up aufbauen und dich sichern<\/li>\n<li class=\"list-item\">deine F\u00e4higkeiten beurteilen<\/li>\n<li class=\"list-item\">Technik verbessern<\/li>\n<li class=\"list-item\">Tauchg\u00e4nge planen und modifizieren<\/li>\n<li class=\"list-item\">R\u00fcckmeldung nach jedem Tauchgang<\/li>\n<li class=\"list-item\">auf Wunsch auch mit Videodokumentation<\/li>\n<\/ul>\n<p>&nbsp;<\/p>\n<p>Preis :<\/p>\n<p>2000 Philippinische Peso f\u00fcr eine Person\/Session &#8211; Preisnachlass bei Buchung von mehr als 3 Sessions<\/p>\n<p>3500 Philippinische Peso f\u00fcr zwei Personen\/Session &#8211; Preisnachlass bei Buchung von mehr als 3 Sessions<\/p>\n","protected":false},"excerpt":{"rendered":"<p>Du hast Spa\u00df am Freitauchen gefunden und m\u00f6chtest deine F\u00e4higkeiten vertiefen oder einfach deine Leistungen verbessern? Training wird ma\u00dfgeschneidert auf deine W\u00fcnsche und Vorstellungen! \u00a0Nur f\u00fcr zertifizierte Freitaucher! Dazu werden wir : das set up aufbauen und dich sichern deine F\u00e4higkeiten beurteilen Technik verbessern Tauchg\u00e4nge planen und modifizieren R\u00fcckmeldung nach jedem Tauchgang auf Wunsch auch [&hellip;]<\/p>\n","protected":false},"author":1,"featured_media":0,"parent":150,"menu_order":200,"comment_status":"closed","ping_status":"closed","template":"","meta":[],"yoast_head":"<!-- This site is optimized with the Yoast SEO plugin v19.14 - https:\/\/yoast.com\/wordpress\/plugins\/seo\/ -->\n<title>Training | Par\u0101oa Freediving in Moalboal Philippines<\/title>\n<meta name=\"description\" content=\"Du hast Spa\u00df am Freitauchen gefunden und m\u00f6chtest deine F\u00e4higkeiten vertiefen oder einfach deine Leistungen verbessern? Training wird ma\u00dfgeschneidert auf deine W\u00fcnsche und Vorstellungen!...Preis : 2000 Philippinische Peso f\u00fcr eine Person\/Session - Preisnachlass bei Buchung von mehr als 3 Sessions\" \/>\n<meta name=\"robots\" content=\"index, follow, max-snippet:-1, max-image-preview:large, max-video-preview:-1\" \/>\n<link rel=\"canonical\" href=\"https:\/\/paraoa-freediving.com\/de\/courses\/training\/\" \/>\n<meta property=\"og:locale\" content=\"de_DE\" \/>\n<meta property=\"og:type\" content=\"article\" \/>\n<meta property=\"og:title\" content=\"Training | Par\u0101oa Freediving in Moalboal Philippines\" \/>\n<meta property=\"og:description\" content=\"Du hast Spa\u00df am Freitauchen gefunden und m\u00f6chtest deine F\u00e4higkeiten vertiefen oder einfach deine Leistungen verbessern? Training wird ma\u00dfgeschneidert auf deine W\u00fcnsche und Vorstellungen!...Preis : 2000 Philippinische Peso f\u00fcr eine Person\/Session - Preisnachlass bei Buchung von mehr als 3 Sessions\" \/>\n<meta property=\"og:url\" content=\"https:\/\/paraoa-freediving.com\/de\/courses\/training\/\" \/>\n<meta property=\"og:site_name\" content=\"Par\u0101oa Freediving in Moalboal Philippines\" \/>\n<meta property=\"article:modified_time\" content=\"2018-01-28T18:41:07+00:00\" \/>\n<meta property=\"og:image\" content=\"http:\/\/paraoa-freediving.com\/wp-content\/uploads\/2018\/01\/fd-training-300x195.jpeg\" \/>\n<meta name=\"twitter:card\" content=\"summary_large_image\" \/>\n<script type=\"application\/ld+json\" class=\"yoast-schema-graph\">{\"@context\":\"https:\/\/schema.org\",\"@graph\":[{\"@type\":\"WebPage\",\"@id\":\"https:\/\/paraoa-freediving.com\/de\/courses\/training\/\",\"url\":\"https:\/\/paraoa-freediving.com\/de\/courses\/training\/\",\"name\":\"Training | Par\u0101oa Freediving in Moalboal Philippines\",\"isPartOf\":{\"@id\":\"https:\/\/paraoa-freediving.com\/#website\"},\"datePublished\":\"2016-01-21T01:56:03+00:00\",\"dateModified\":\"2018-01-28T18:41:07+00:00\",\"description\":\"Du hast Spa\u00df am Freitauchen gefunden und m\u00f6chtest deine F\u00e4higkeiten vertiefen oder einfach deine Leistungen verbessern? Training wird ma\u00dfgeschneidert auf deine W\u00fcnsche und Vorstellungen!...Preis : 2000 Philippinische Peso f\u00fcr eine Person\/Session - Preisnachlass bei Buchung von mehr als 3 Sessions\",\"breadcrumb\":{\"@id\":\"https:\/\/paraoa-freediving.com\/de\/courses\/training\/#breadcrumb\"},\"inLanguage\":\"de-DE\",\"potentialAction\":[{\"@type\":\"ReadAction\",\"target\":[\"https:\/\/paraoa-freediving.com\/de\/courses\/training\/\"]}]},{\"@type\":\"BreadcrumbList\",\"@id\":\"https:\/\/paraoa-freediving.com\/de\/courses\/training\/#breadcrumb\",\"itemListElement\":[{\"@type\":\"ListItem\",\"position\":1,\"name\":\"Home\",\"item\":\"https:\/\/paraoa-freediving.com\/de\/\"},{\"@type\":\"ListItem\",\"position\":2,\"name\":\"Kurse\",\"item\":\"https:\/\/paraoa-freediving.com\/de\/courses\/\"},{\"@type\":\"ListItem\",\"position\":3,\"name\":\"Training\"}]},{\"@type\":\"WebSite\",\"@id\":\"https:\/\/paraoa-freediving.com\/#website\",\"url\":\"https:\/\/paraoa-freediving.com\/\",\"name\":\"Par\u0101oa Freediving in Moalboal Philippines\",\"description\":\"Learn to Freedive in Moalboal Philippines\",\"potentialAction\":[{\"@type\":\"SearchAction\",\"target\":{\"@type\":\"EntryPoint\",\"urlTemplate\":\"https:\/\/paraoa-freediving.com\/?s={search_term_string}\"},\"query-input\":\"required name=search_term_string\"}],\"inLanguage\":\"de-DE\"}]}<\/script>\n<!-- \/ Yoast SEO plugin. -->","yoast_head_json":{"title":"Training | Par\u0101oa Freediving in Moalboal Philippines","description":"Du hast Spa\u00df am Freitauchen gefunden und m\u00f6chtest deine F\u00e4higkeiten vertiefen oder einfach deine Leistungen verbessern? Training wird ma\u00dfgeschneidert auf deine W\u00fcnsche und Vorstellungen!...Preis : 2000 Philippinische Peso f\u00fcr eine Person\/Session - Preisnachlass bei Buchung von mehr als 3 Sessions","robots":{"index":"index","follow":"follow","max-snippet":"max-snippet:-1","max-image-preview":"max-image-preview:large","max-video-preview":"max-video-preview:-1"},"canonical":"https:\/\/paraoa-freediving.com\/de\/courses\/training\/","og_locale":"de_DE","og_type":"article","og_title":"Training | Par\u0101oa Freediving in Moalboal Philippines","og_description":"Du hast Spa\u00df am Freitauchen gefunden und m\u00f6chtest deine F\u00e4higkeiten vertiefen oder einfach deine Leistungen verbessern? Training wird ma\u00dfgeschneidert auf deine W\u00fcnsche und Vorstellungen!...Preis : 2000 Philippinische Peso f\u00fcr eine Person\/Session - Preisnachlass bei Buchung von mehr als 3 Sessions","og_url":"https:\/\/paraoa-freediving.com\/de\/courses\/training\/","og_site_name":"Par\u0101oa Freediving in Moalboal Philippines","article_modified_time":"2018-01-28T18:41:07+00:00","og_image":[{"url":"http:\/\/paraoa-freediving.com\/wp-content\/uploads\/2018\/01\/fd-training-300x195.jpeg"}],"twitter_card":"summary_large_image","schema":{"@context":"https:\/\/schema.org","@graph":[{"@type":"WebPage","@id":"https:\/\/paraoa-freediving.com\/de\/courses\/training\/","url":"https:\/\/paraoa-freediving.com\/de\/courses\/training\/","name":"Training | Par\u0101oa Freediving in Moalboal Philippines","isPartOf":{"@id":"https:\/\/paraoa-freediving.com\/#website"},"datePublished":"2016-01-21T01:56:03+00:00","dateModified":"2018-01-28T18:41:07+00:00","description":"Du hast Spa\u00df am Freitauchen gefunden und m\u00f6chtest deine F\u00e4higkeiten vertiefen oder einfach deine Leistungen verbessern? Training wird ma\u00dfgeschneidert auf deine W\u00fcnsche und Vorstellungen!...Preis : 2000 Philippinische Peso f\u00fcr eine Person\/Session - Preisnachlass bei Buchung von mehr als 3 Sessions","breadcrumb":{"@id":"https:\/\/paraoa-freediving.com\/de\/courses\/training\/#breadcrumb"},"inLanguage":"de-DE","potentialAction":[{"@type":"ReadAction","target":["https:\/\/paraoa-freediving.com\/de\/courses\/training\/"]}]},{"@type":"BreadcrumbList","@id":"https:\/\/paraoa-freediving.com\/de\/courses\/training\/#breadcrumb","itemListElement":[{"@type":"ListItem","position":1,"name":"Home","item":"https:\/\/paraoa-freediving.com\/de\/"},{"@type":"ListItem","position":2,"name":"Kurse","item":"https:\/\/paraoa-freediving.com\/de\/courses\/"},{"@type":"ListItem","position":3,"name":"Training"}]},{"@type":"WebSite","@id":"https:\/\/paraoa-freediving.com\/#website","url":"https:\/\/paraoa-freediving.com\/","name":"Par\u0101oa Freediving in Moalboal Philippines","description":"Learn to Freedive in Moalboal Philippines","potentialAction":[{"@type":"SearchAction","target":{"@type":"EntryPoint","urlTemplate":"https:\/\/paraoa-freediving.com\/?s={search_term_string}"},"query-input":"required name=search_term_string"}],"inLanguage":"de-DE"}]}},"_links":{"self":[{"href":"https:\/\/paraoa-freediving.com\/de\/wp-json\/wp\/v2\/pages\/168"}],"collection":[{"href":"https:\/\/paraoa-freediving.com\/de\/wp-json\/wp\/v2\/pages"}],"about":[{"href":"https:\/\/paraoa-freediving.com\/de\/wp-json\/wp\/v2\/types\/page"}],"author":[{"embeddable":true,"href":"https:\/\/paraoa-freediving.com\/de\/wp-json\/wp\/v2\/users\/1"}],"replies":[{"embeddable":true,"href":"https:\/\/paraoa-freediving.com\/de\/wp-json\/wp\/v2\/comments?post=168"}],"version-history":[{"count":11,"href":"https:\/\/paraoa-freediving.com\/de\/wp-json\/wp\/v2\/pages\/168\/revisions"}],"predecessor-version":[{"id":1204,"href":"https:\/\/paraoa-freediving.com\/de\/wp-json\/wp\/v2\/pages\/168\/revisions\/1204"}],"up":[{"embeddable":true,"href":"https:\/\/paraoa-freediving.com\/de\/wp-json\/wp\/v2\/pages\/150"}],"wp:attachment":[{"href":"https:\/\/paraoa-freediving.com\/de\/wp-json\/wp\/v2\/media?parent=168"}],"curies":[{"name":"wp","href":"https:\/\/api.w.org\/{rel}","templated":true}]}}