{"id":183,"date":"2016-01-21T02:04:05","date_gmt":"2016-01-21T02:04:05","guid":{"rendered":"http:\/\/paraoa-freediving.com\/de\/?page_id=183"},"modified":"2018-01-29T08:04:54","modified_gmt":"2018-01-29T08:04:54","slug":"freitauch-disziplinen","status":"publish","type":"page","link":"https:\/\/paraoa-freediving.com\/de\/about\/freitauch-disziplinen\/","title":{"rendered":"Freitauch Disziplinen"},"content":{"rendered":"<ul>\n<li>Beim Statischen Apnoe (STA) versucht der Freitaucher so lange wie m\u00f6glich die Luft anzuhalten. Seine Atemwege m\u00fcssen dabei unter der Wasseroberfl\u00e4che sein.<\/li>\n<\/ul>\n<ul>\n<li>Beim Streckentauchen mit Flossen (DYN) versucht der Freitaucher horizontal die gr\u00f6\u00dftm\u00f6gliche Strecke unter der Wasseroberfl\u00e4che zu tauchen.<\/li>\n<\/ul>\n<ul>\n<li>Beim Streckentauchen ohne Flossen (DNF) versucht der Freitaucher horizontal (gew\u00f6hnlich im Brust-Beinschlag) die gr\u00f6\u00dftm\u00f6gliche Strecke unter der Wasseroberfl\u00e4che zu tauchen. Hierbei sind keine Vortriebsmittel erlaubt.<\/li>\n<\/ul>\n<ul>\n<li>Beim Konstanten Gewicht mit Flossen (CWT) versucht der Freitaucher m\u00f6glichst tief zu tauchen und seine Zieltiefe zu erreichen. Das F\u00fchrungsseil darf nur bei der Wende ber\u00fchrt werden.<\/li>\n<\/ul>\n<ul>\n<li>Beim Konstanten Gewicht ohne Flossen (CNF) versucht der Athlet m\u00f6glichst tief zu tauchen und seine Zieltiefe zu erreichen (gew\u00f6hnlich im Brust-Beinschlag). Das F\u00fchrungsseil darf nur bei der Wende ber\u00fchrt werden. In dieser Disziplin sind keine Vortriebsmittel erlaubt.<\/li>\n<\/ul>\n<ul>\n<li>Free Immersion (FIM) ist eine weitere Tieftauchdisziplin. Auch hier versucht der Freitaucher m\u00f6glichst tief zu tauchen und seine Zieltiefe zu erreichen. Hierbei darf sich der Athlet am F\u00fchrungsseil nach unten und nach oben ziehen, ohne die Benutzung von Vortriebsmitteln.<\/li>\n<\/ul>\n<ul>\n<li>Beim Variablem Gewicht (VWT) darf der Freitaucher ein zus\u00e4tzliches Gewicht am Tauchschlitten f\u00fcr den Abstieg verwenden. Der Tauchschlitten verbleibt dann in der Endtiefe. Der R\u00fcckweg zur Oberfl\u00e4che muss aus eigener Kraft bew\u00e4ltigt werden. Hierbei darf sich der Athlet am Seil hoch ziehen und\/oder mit Hilfe einer Flosse hoch schwimmen.<\/li>\n<\/ul>\n<ul>\n<li>Beim No Limits (NLT) gibt es keine Beschr\u00e4nkungen. Der Freitaucher taucht mit der Hilfe eines zus\u00e4tzlichen Gewichtes am Tauchschlitten in die Tiefe. F\u00fcr den R\u00fcckweg kann der Athlet jede Methode seiner Wahl anwenden, um zur\u00fcck zur Wasseroberfl\u00e4che zu gelangen.<\/li>\n<\/ul>\n","protected":false},"excerpt":{"rendered":"<p>Beim Statischen Apnoe (STA) versucht der Freitaucher so lange wie m\u00f6glich die Luft anzuhalten. Seine Atemwege m\u00fcssen dabei unter der Wasseroberfl\u00e4che sein. Beim Streckentauchen mit Flossen (DYN) versucht der Freitaucher horizontal die gr\u00f6\u00dftm\u00f6gliche Strecke unter der Wasseroberfl\u00e4che zu tauchen. Beim Streckentauchen ohne Flossen (DNF) versucht der Freitaucher horizontal (gew\u00f6hnlich im Brust-Beinschlag) die gr\u00f6\u00dftm\u00f6gliche Strecke unter [&hellip;]<\/p>\n","protected":false},"author":1,"featured_media":0,"parent":176,"menu_order":30,"comment_status":"closed","ping_status":"closed","template":"","meta":[],"yoast_head":"<!-- This site is optimized with the Yoast SEO plugin v19.14 - https:\/\/yoast.com\/wordpress\/plugins\/seo\/ -->\n<title>Freitauch Disziplinen | Par\u0101oa Freediving in Moalboal Philippines<\/title>\n<meta name=\"description\" content=\"Freitauch Disziplinen Beim Statischen Apnoe (STA) versucht der Freitaucher so lange wie m\u00f6glich die Luft anzuhalten. Seine Atemwege m\u00fcssen dabei unter der Wasseroberfl\u00e4che sein. Beim Streckentauchen mit Flossen (DYN) versucht der Freitaucher horizontal die gr\u00f6\u00dftm\u00f6gliche Strecke unter der Wasseroberfl\u00e4che zu tauchen....\" \/>\n<meta name=\"robots\" content=\"index, follow, max-snippet:-1, max-image-preview:large, max-video-preview:-1\" \/>\n<link rel=\"canonical\" href=\"https:\/\/paraoa-freediving.com\/de\/about\/freitauch-disziplinen\/\" \/>\n<meta property=\"og:locale\" content=\"de_DE\" \/>\n<meta property=\"og:type\" content=\"article\" \/>\n<meta property=\"og:title\" content=\"Freitauch Disziplinen | Par\u0101oa Freediving in Moalboal Philippines\" \/>\n<meta property=\"og:description\" content=\"Freitauch Disziplinen Beim Statischen Apnoe (STA) versucht der Freitaucher so lange wie m\u00f6glich die Luft anzuhalten. Seine Atemwege m\u00fcssen dabei unter der Wasseroberfl\u00e4che sein. Beim Streckentauchen mit Flossen (DYN) versucht der Freitaucher horizontal die gr\u00f6\u00dftm\u00f6gliche Strecke unter der Wasseroberfl\u00e4che zu tauchen....\" \/>\n<meta property=\"og:url\" content=\"https:\/\/paraoa-freediving.com\/de\/about\/freitauch-disziplinen\/\" \/>\n<meta property=\"og:site_name\" content=\"Par\u0101oa Freediving in Moalboal Philippines\" \/>\n<meta property=\"article:modified_time\" content=\"2018-01-29T08:04:54+00:00\" \/>\n<meta name=\"twitter:card\" content=\"summary_large_image\" \/>\n<meta name=\"twitter:label1\" content=\"Gesch\u00e4tzte Lesezeit\" \/>\n\t<meta name=\"twitter:data1\" content=\"1 Minute\" \/>\n<script type=\"application\/ld+json\" class=\"yoast-schema-graph\">{\"@context\":\"https:\/\/schema.org\",\"@graph\":[{\"@type\":\"WebPage\",\"@id\":\"https:\/\/paraoa-freediving.com\/de\/about\/freitauch-disziplinen\/\",\"url\":\"https:\/\/paraoa-freediving.com\/de\/about\/freitauch-disziplinen\/\",\"name\":\"Freitauch Disziplinen | Par\u0101oa Freediving in Moalboal Philippines\",\"isPartOf\":{\"@id\":\"https:\/\/paraoa-freediving.com\/#website\"},\"datePublished\":\"2016-01-21T02:04:05+00:00\",\"dateModified\":\"2018-01-29T08:04:54+00:00\",\"description\":\"Freitauch Disziplinen Beim Statischen Apnoe (STA) versucht der Freitaucher so lange wie m\u00f6glich die Luft anzuhalten. Seine Atemwege m\u00fcssen dabei unter der Wasseroberfl\u00e4che sein. Beim Streckentauchen mit Flossen (DYN) versucht der Freitaucher horizontal die gr\u00f6\u00dftm\u00f6gliche Strecke unter der Wasseroberfl\u00e4che zu tauchen....\",\"breadcrumb\":{\"@id\":\"https:\/\/paraoa-freediving.com\/de\/about\/freitauch-disziplinen\/#breadcrumb\"},\"inLanguage\":\"de-DE\",\"potentialAction\":[{\"@type\":\"ReadAction\",\"target\":[\"https:\/\/paraoa-freediving.com\/de\/about\/freitauch-disziplinen\/\"]}]},{\"@type\":\"BreadcrumbList\",\"@id\":\"https:\/\/paraoa-freediving.com\/de\/about\/freitauch-disziplinen\/#breadcrumb\",\"itemListElement\":[{\"@type\":\"ListItem\",\"position\":1,\"name\":\"Home\",\"item\":\"https:\/\/paraoa-freediving.com\/de\/\"},{\"@type\":\"ListItem\",\"position\":2,\"name\":\"\u00dcber\",\"item\":\"https:\/\/paraoa-freediving.com\/de\/about\/\"},{\"@type\":\"ListItem\",\"position\":3,\"name\":\"Freitauch Disziplinen\"}]},{\"@type\":\"WebSite\",\"@id\":\"https:\/\/paraoa-freediving.com\/#website\",\"url\":\"https:\/\/paraoa-freediving.com\/\",\"name\":\"Par\u0101oa Freediving in Moalboal Philippines\",\"description\":\"Learn to Freedive in Moalboal Philippines\",\"potentialAction\":[{\"@type\":\"SearchAction\",\"target\":{\"@type\":\"EntryPoint\",\"urlTemplate\":\"https:\/\/paraoa-freediving.com\/?s={search_term_string}\"},\"query-input\":\"required name=search_term_string\"}],\"inLanguage\":\"de-DE\"}]}<\/script>\n<!-- \/ Yoast SEO plugin. -->","yoast_head_json":{"title":"Freitauch Disziplinen | Par\u0101oa Freediving in Moalboal Philippines","description":"Freitauch Disziplinen Beim Statischen Apnoe (STA) versucht der Freitaucher so lange wie m\u00f6glich die Luft anzuhalten. Seine Atemwege m\u00fcssen dabei unter der Wasseroberfl\u00e4che sein. Beim Streckentauchen mit Flossen (DYN) versucht der Freitaucher horizontal die gr\u00f6\u00dftm\u00f6gliche Strecke unter der Wasseroberfl\u00e4che zu tauchen....","robots":{"index":"index","follow":"follow","max-snippet":"max-snippet:-1","max-image-preview":"max-image-preview:large","max-video-preview":"max-video-preview:-1"},"canonical":"https:\/\/paraoa-freediving.com\/de\/about\/freitauch-disziplinen\/","og_locale":"de_DE","og_type":"article","og_title":"Freitauch Disziplinen | Par\u0101oa Freediving in Moalboal Philippines","og_description":"Freitauch Disziplinen Beim Statischen Apnoe (STA) versucht der Freitaucher so lange wie m\u00f6glich die Luft anzuhalten. Seine Atemwege m\u00fcssen dabei unter der Wasseroberfl\u00e4che sein. Beim Streckentauchen mit Flossen (DYN) versucht der Freitaucher horizontal die gr\u00f6\u00dftm\u00f6gliche Strecke unter der Wasseroberfl\u00e4che zu tauchen....","og_url":"https:\/\/paraoa-freediving.com\/de\/about\/freitauch-disziplinen\/","og_site_name":"Par\u0101oa Freediving in Moalboal Philippines","article_modified_time":"2018-01-29T08:04:54+00:00","twitter_card":"summary_large_image","twitter_misc":{"Gesch\u00e4tzte Lesezeit":"1 Minute"},"schema":{"@context":"https:\/\/schema.org","@graph":[{"@type":"WebPage","@id":"https:\/\/paraoa-freediving.com\/de\/about\/freitauch-disziplinen\/","url":"https:\/\/paraoa-freediving.com\/de\/about\/freitauch-disziplinen\/","name":"Freitauch Disziplinen | Par\u0101oa Freediving in Moalboal Philippines","isPartOf":{"@id":"https:\/\/paraoa-freediving.com\/#website"},"datePublished":"2016-01-21T02:04:05+00:00","dateModified":"2018-01-29T08:04:54+00:00","description":"Freitauch Disziplinen Beim Statischen Apnoe (STA) versucht der Freitaucher so lange wie m\u00f6glich die Luft anzuhalten. Seine Atemwege m\u00fcssen dabei unter der Wasseroberfl\u00e4che sein. Beim Streckentauchen mit Flossen (DYN) versucht der Freitaucher horizontal die gr\u00f6\u00dftm\u00f6gliche Strecke unter der Wasseroberfl\u00e4che zu tauchen....","breadcrumb":{"@id":"https:\/\/paraoa-freediving.com\/de\/about\/freitauch-disziplinen\/#breadcrumb"},"inLanguage":"de-DE","potentialAction":[{"@type":"ReadAction","target":["https:\/\/paraoa-freediving.com\/de\/about\/freitauch-disziplinen\/"]}]},{"@type":"BreadcrumbList","@id":"https:\/\/paraoa-freediving.com\/de\/about\/freitauch-disziplinen\/#breadcrumb","itemListElement":[{"@type":"ListItem","position":1,"name":"Home","item":"https:\/\/paraoa-freediving.com\/de\/"},{"@type":"ListItem","position":2,"name":"\u00dcber","item":"https:\/\/paraoa-freediving.com\/de\/about\/"},{"@type":"ListItem","position":3,"name":"Freitauch Disziplinen"}]},{"@type":"WebSite","@id":"https:\/\/paraoa-freediving.com\/#website","url":"https:\/\/paraoa-freediving.com\/","name":"Par\u0101oa Freediving in Moalboal Philippines","description":"Learn to Freedive in Moalboal Philippines","potentialAction":[{"@type":"SearchAction","target":{"@type":"EntryPoint","urlTemplate":"https:\/\/paraoa-freediving.com\/?s={search_term_string}"},"query-input":"required name=search_term_string"}],"inLanguage":"de-DE"}]}},"_links":{"self":[{"href":"https:\/\/paraoa-freediving.com\/de\/wp-json\/wp\/v2\/pages\/183"}],"collection":[{"href":"https:\/\/paraoa-freediving.com\/de\/wp-json\/wp\/v2\/pages"}],"about":[{"href":"https:\/\/paraoa-freediving.com\/de\/wp-json\/wp\/v2\/types\/page"}],"author":[{"embeddable":true,"href":"https:\/\/paraoa-freediving.com\/de\/wp-json\/wp\/v2\/users\/1"}],"replies":[{"embeddable":true,"href":"https:\/\/paraoa-freediving.com\/de\/wp-json\/wp\/v2\/comments?post=183"}],"version-history":[{"count":4,"href":"https:\/\/paraoa-freediving.com\/de\/wp-json\/wp\/v2\/pages\/183\/revisions"}],"predecessor-version":[{"id":665,"href":"https:\/\/paraoa-freediving.com\/de\/wp-json\/wp\/v2\/pages\/183\/revisions\/665"}],"up":[{"embeddable":true,"href":"https:\/\/paraoa-freediving.com\/de\/wp-json\/wp\/v2\/pages\/176"}],"wp:attachment":[{"href":"https:\/\/paraoa-freediving.com\/de\/wp-json\/wp\/v2\/media?parent=183"}],"curies":[{"name":"wp","href":"https:\/\/api.w.org\/{rel}","templated":true}]}}