{"id":215,"date":"2016-01-22T04:51:21","date_gmt":"2016-01-22T04:51:21","guid":{"rendered":"http:\/\/paraoa-freediving.com\/de\/?page_id=215"},"modified":"2018-01-28T17:15:40","modified_gmt":"2018-01-28T17:15:40","slug":"entdecke-freitauchen","status":"publish","type":"page","link":"https:\/\/paraoa-freediving.com\/de\/courses\/entdecke-freitauchen\/","title":{"rendered":"Entdecke Freitauchen"},"content":{"rendered":"<p>Dieser Basiskurs deckt die Grundlagen und notwendigen Techniken f\u00fcr das sichere Tauchen im Flachwasser ab.<\/p>\n<p>Der Kurs ist offen f\u00fcr alle Erwachsene (+ 16 Jahre mit Einwilligungsbescheinigung der Eltern), welche komfortabel Schwimmen oder Schnorcheln k\u00f6nnen und besteht aus Theorie, Atem-und Atemanhaltetechniken, Pool Training und Sicherung. Nach erfolgreichem Abschluss wirst du in der Lage sein, deinen Atem f\u00fcr mindestens 2 Minuten anzuhalten und an statischem oder dynamischem Training und sogar an Wettk\u00e4mpfen teilzunehmen.<\/p>\n<p>Dieser Kurs beinhaltet kein Tieftauchtraining, erlaubt dir aber an nur einem anstatt zwei Tagen auf dem Level 1 Freitauchkurs aufzubauen oder weiterzumachen mit dem &#8222;Abenteuer Freitaucher&#8220; Kurs (Adventure Freediver)!<\/p>\n<p>Um diesen Kurs erfolgreich abzuschlie\u00dfen m\u00fcssen die Teilnehmer folgende Hauptanforderungen erf\u00fcllen :<\/p>\n<p>&#8211; halte deinen Atem f\u00fcr mindestens 2 Minuten statisch an<br \/>\n&#8211; f\u00fchre eine Rettung im Pool durch<br \/>\n&#8211; tauche eine Strecke von mindestens 25 Meter im Pool<br \/>\n&#8211; erreiche mindestens 70% in der schriftlichen Abschlusspr\u00fcfung<\/p>\n<p>&nbsp;<\/p>\n<p><strong>Kursvoraussetzungen :<\/strong><\/p>\n<p>18+ Jahre alt oder<\/p>\n<p>16+ mit Einwilligungsbescheinigung der Eltern oder<\/p>\n<p>14+ mit Einwilligungsbescheinigung der Eltern und mit Unterschrift eines Arztes in dem medizinischen Fragebogen,<\/p>\n<p>Unterschrift in dem medizinischen Fragebogen und des Haftungsausschlusses,<\/p>\n<p>sei in der Lage komfortabel zu Schwimmen und zu Schnorcheln!<\/p>\n<p>Preis : 7000 Philippinische Peso inklusive Zertifikationsgeb\u00fchr (+500 Peso Ausleihgeb\u00fchr f\u00fcr Ausr\u00fcstung falls ben\u00f6tigt)<\/p>\n","protected":false},"excerpt":{"rendered":"<p>Dieser Basiskurs deckt die Grundlagen und notwendigen Techniken f\u00fcr das sichere Tauchen im Flachwasser ab. Der Kurs ist offen f\u00fcr alle Erwachsene (+ 16 Jahre mit Einwilligungsbescheinigung der Eltern), welche komfortabel Schwimmen oder Schnorcheln k\u00f6nnen und besteht aus Theorie, Atem-und Atemanhaltetechniken, Pool Training und Sicherung. Nach erfolgreichem Abschluss wirst du in der Lage sein, deinen [&hellip;]<\/p>\n","protected":false},"author":2,"featured_media":210,"parent":150,"menu_order":10,"comment_status":"closed","ping_status":"closed","template":"","meta":[],"yoast_head":"<!-- This site is optimized with the Yoast SEO plugin v19.14 - https:\/\/yoast.com\/wordpress\/plugins\/seo\/ -->\n<title>Entdecke Freitauchen | Par\u0101oa Freediving in Moalboal Philippines<\/title>\n<meta name=\"description\" content=\"Dieser Basiskurs deckt die Grundlagen und notwendigen Techniken f\u00fcr das sichere Tauchen im Flachwasser ab...Der Kurs ist offen f\u00fcr alle Erwachsene Um diesen Kurs erfolgreich abzuschlie\u00dfen m\u00fcssen die Teilnehmer folgende Hauptanforderungen erf\u00fcllen :\" \/>\n<meta name=\"robots\" content=\"index, follow, max-snippet:-1, max-image-preview:large, max-video-preview:-1\" \/>\n<link rel=\"canonical\" href=\"https:\/\/paraoa-freediving.com\/de\/courses\/entdecke-freitauchen\/\" \/>\n<meta property=\"og:locale\" content=\"de_DE\" \/>\n<meta property=\"og:type\" content=\"article\" \/>\n<meta property=\"og:title\" content=\"Entdecke Freitauchen | Par\u0101oa Freediving in Moalboal Philippines\" \/>\n<meta property=\"og:description\" content=\"Dieser Basiskurs deckt die Grundlagen und notwendigen Techniken f\u00fcr das sichere Tauchen im Flachwasser ab...Der Kurs ist offen f\u00fcr alle Erwachsene Um diesen Kurs erfolgreich abzuschlie\u00dfen m\u00fcssen die Teilnehmer folgende Hauptanforderungen erf\u00fcllen :\" \/>\n<meta property=\"og:url\" content=\"https:\/\/paraoa-freediving.com\/de\/courses\/entdecke-freitauchen\/\" \/>\n<meta property=\"og:site_name\" content=\"Par\u0101oa Freediving in Moalboal Philippines\" \/>\n<meta property=\"article:modified_time\" content=\"2018-01-28T17:15:40+00:00\" \/>\n<meta property=\"og:image\" content=\"https:\/\/paraoa-freediving.com\/wp-content\/uploads\/2016\/01\/Discover-Freediving-Large-e1453433090509.jpg\" \/>\n\t<meta property=\"og:image:width\" content=\"117\" \/>\n\t<meta property=\"og:image:height\" content=\"175\" \/>\n\t<meta property=\"og:image:type\" content=\"image\/jpeg\" \/>\n<meta name=\"twitter:card\" content=\"summary_large_image\" \/>\n<meta name=\"twitter:label1\" content=\"Gesch\u00e4tzte Lesezeit\" \/>\n\t<meta name=\"twitter:data1\" content=\"1 Minute\" \/>\n<script type=\"application\/ld+json\" class=\"yoast-schema-graph\">{\"@context\":\"https:\/\/schema.org\",\"@graph\":[{\"@type\":\"WebPage\",\"@id\":\"https:\/\/paraoa-freediving.com\/de\/courses\/entdecke-freitauchen\/\",\"url\":\"https:\/\/paraoa-freediving.com\/de\/courses\/entdecke-freitauchen\/\",\"name\":\"Entdecke Freitauchen | Par\u0101oa Freediving in Moalboal Philippines\",\"isPartOf\":{\"@id\":\"https:\/\/paraoa-freediving.com\/#website\"},\"datePublished\":\"2016-01-22T04:51:21+00:00\",\"dateModified\":\"2018-01-28T17:15:40+00:00\",\"description\":\"Dieser Basiskurs deckt die Grundlagen und notwendigen Techniken f\u00fcr das sichere Tauchen im Flachwasser ab...Der Kurs ist offen f\u00fcr alle Erwachsene Um diesen Kurs erfolgreich abzuschlie\u00dfen m\u00fcssen die Teilnehmer folgende Hauptanforderungen erf\u00fcllen :\",\"breadcrumb\":{\"@id\":\"https:\/\/paraoa-freediving.com\/de\/courses\/entdecke-freitauchen\/#breadcrumb\"},\"inLanguage\":\"de-DE\",\"potentialAction\":[{\"@type\":\"ReadAction\",\"target\":[\"https:\/\/paraoa-freediving.com\/de\/courses\/entdecke-freitauchen\/\"]}]},{\"@type\":\"BreadcrumbList\",\"@id\":\"https:\/\/paraoa-freediving.com\/de\/courses\/entdecke-freitauchen\/#breadcrumb\",\"itemListElement\":[{\"@type\":\"ListItem\",\"position\":1,\"name\":\"Home\",\"item\":\"https:\/\/paraoa-freediving.com\/de\/\"},{\"@type\":\"ListItem\",\"position\":2,\"name\":\"Kurse\",\"item\":\"https:\/\/paraoa-freediving.com\/de\/courses\/\"},{\"@type\":\"ListItem\",\"position\":3,\"name\":\"Entdecke Freitauchen\"}]},{\"@type\":\"WebSite\",\"@id\":\"https:\/\/paraoa-freediving.com\/#website\",\"url\":\"https:\/\/paraoa-freediving.com\/\",\"name\":\"Par\u0101oa Freediving in Moalboal Philippines\",\"description\":\"Learn to Freedive in Moalboal Philippines\",\"potentialAction\":[{\"@type\":\"SearchAction\",\"target\":{\"@type\":\"EntryPoint\",\"urlTemplate\":\"https:\/\/paraoa-freediving.com\/?s={search_term_string}\"},\"query-input\":\"required name=search_term_string\"}],\"inLanguage\":\"de-DE\"}]}<\/script>\n<!-- \/ Yoast SEO plugin. -->","yoast_head_json":{"title":"Entdecke Freitauchen | Par\u0101oa Freediving in Moalboal Philippines","description":"Dieser Basiskurs deckt die Grundlagen und notwendigen Techniken f\u00fcr das sichere Tauchen im Flachwasser ab...Der Kurs ist offen f\u00fcr alle Erwachsene Um diesen Kurs erfolgreich abzuschlie\u00dfen m\u00fcssen die Teilnehmer folgende Hauptanforderungen erf\u00fcllen :","robots":{"index":"index","follow":"follow","max-snippet":"max-snippet:-1","max-image-preview":"max-image-preview:large","max-video-preview":"max-video-preview:-1"},"canonical":"https:\/\/paraoa-freediving.com\/de\/courses\/entdecke-freitauchen\/","og_locale":"de_DE","og_type":"article","og_title":"Entdecke Freitauchen | Par\u0101oa Freediving in Moalboal Philippines","og_description":"Dieser Basiskurs deckt die Grundlagen und notwendigen Techniken f\u00fcr das sichere Tauchen im Flachwasser ab...Der Kurs ist offen f\u00fcr alle Erwachsene Um diesen Kurs erfolgreich abzuschlie\u00dfen m\u00fcssen die Teilnehmer folgende Hauptanforderungen erf\u00fcllen :","og_url":"https:\/\/paraoa-freediving.com\/de\/courses\/entdecke-freitauchen\/","og_site_name":"Par\u0101oa Freediving in Moalboal Philippines","article_modified_time":"2018-01-28T17:15:40+00:00","og_image":[{"width":117,"height":175,"url":"https:\/\/paraoa-freediving.com\/wp-content\/uploads\/2016\/01\/Discover-Freediving-Large-e1453433090509.jpg","type":"image\/jpeg"}],"twitter_card":"summary_large_image","twitter_misc":{"Gesch\u00e4tzte Lesezeit":"1 Minute"},"schema":{"@context":"https:\/\/schema.org","@graph":[{"@type":"WebPage","@id":"https:\/\/paraoa-freediving.com\/de\/courses\/entdecke-freitauchen\/","url":"https:\/\/paraoa-freediving.com\/de\/courses\/entdecke-freitauchen\/","name":"Entdecke Freitauchen | Par\u0101oa Freediving in Moalboal Philippines","isPartOf":{"@id":"https:\/\/paraoa-freediving.com\/#website"},"datePublished":"2016-01-22T04:51:21+00:00","dateModified":"2018-01-28T17:15:40+00:00","description":"Dieser Basiskurs deckt die Grundlagen und notwendigen Techniken f\u00fcr das sichere Tauchen im Flachwasser ab...Der Kurs ist offen f\u00fcr alle Erwachsene Um diesen Kurs erfolgreich abzuschlie\u00dfen m\u00fcssen die Teilnehmer folgende Hauptanforderungen erf\u00fcllen :","breadcrumb":{"@id":"https:\/\/paraoa-freediving.com\/de\/courses\/entdecke-freitauchen\/#breadcrumb"},"inLanguage":"de-DE","potentialAction":[{"@type":"ReadAction","target":["https:\/\/paraoa-freediving.com\/de\/courses\/entdecke-freitauchen\/"]}]},{"@type":"BreadcrumbList","@id":"https:\/\/paraoa-freediving.com\/de\/courses\/entdecke-freitauchen\/#breadcrumb","itemListElement":[{"@type":"ListItem","position":1,"name":"Home","item":"https:\/\/paraoa-freediving.com\/de\/"},{"@type":"ListItem","position":2,"name":"Kurse","item":"https:\/\/paraoa-freediving.com\/de\/courses\/"},{"@type":"ListItem","position":3,"name":"Entdecke Freitauchen"}]},{"@type":"WebSite","@id":"https:\/\/paraoa-freediving.com\/#website","url":"https:\/\/paraoa-freediving.com\/","name":"Par\u0101oa Freediving in Moalboal Philippines","description":"Learn to Freedive in Moalboal Philippines","potentialAction":[{"@type":"SearchAction","target":{"@type":"EntryPoint","urlTemplate":"https:\/\/paraoa-freediving.com\/?s={search_term_string}"},"query-input":"required name=search_term_string"}],"inLanguage":"de-DE"}]}},"_links":{"self":[{"href":"https:\/\/paraoa-freediving.com\/de\/wp-json\/wp\/v2\/pages\/215"}],"collection":[{"href":"https:\/\/paraoa-freediving.com\/de\/wp-json\/wp\/v2\/pages"}],"about":[{"href":"https:\/\/paraoa-freediving.com\/de\/wp-json\/wp\/v2\/types\/page"}],"author":[{"embeddable":true,"href":"https:\/\/paraoa-freediving.com\/de\/wp-json\/wp\/v2\/users\/2"}],"replies":[{"embeddable":true,"href":"https:\/\/paraoa-freediving.com\/de\/wp-json\/wp\/v2\/comments?post=215"}],"version-history":[{"count":11,"href":"https:\/\/paraoa-freediving.com\/de\/wp-json\/wp\/v2\/pages\/215\/revisions"}],"predecessor-version":[{"id":220,"href":"https:\/\/paraoa-freediving.com\/de\/wp-json\/wp\/v2\/pages\/215\/revisions\/220"}],"up":[{"embeddable":true,"href":"https:\/\/paraoa-freediving.com\/de\/wp-json\/wp\/v2\/pages\/150"}],"wp:featuredmedia":[{"embeddable":true,"href":"https:\/\/paraoa-freediving.com\/de\/wp-json\/wp\/v2\/media\/210"}],"wp:attachment":[{"href":"https:\/\/paraoa-freediving.com\/de\/wp-json\/wp\/v2\/media?parent=215"}],"curies":[{"name":"wp","href":"https:\/\/api.w.org\/{rel}","templated":true}]}}