{"id":694,"date":"2017-07-14T09:26:18","date_gmt":"2017-07-14T09:26:18","guid":{"rendered":"http:\/\/paraoa-freediving.com\/de\/?page_id=694"},"modified":"2018-10-03T06:38:12","modified_gmt":"2018-10-03T06:38:12","slug":"avoid-1","status":"publish","type":"page","link":"https:\/\/paraoa-freediving.com\/de\/about\/avoid-1\/","title":{"rendered":"Vermeide 1"},"content":{"rendered":"<h4 style=\"text-align: center;\"><strong><span style=\"text-decoration: underline;\">Tipps f\u00fcr ein ges\u00fcnderen Lebensstil<\/span><\/strong><\/h4>\n<p>Vorwort :<\/p>\n<p>Wir leben in einem Zeitalter des Betruges, nicht nur in den Bereichen Banken, Regierung, Ausbildung, Religion, Information und Gesundheitswesen, sondern auch im Bereich unserer Nahrung.<\/p>\n<p>Ern\u00e4hrung steht in enger Verbindung mit unserem h\u00f6chsten Gut, unserer Gesundheit. Leider hinterfragen wir aus den vielf\u00e4ltigsten Gr\u00fcnden nicht genug die Praktiken der Nahrungsmittelindustrie. Weder die k\u00f6rperliche, noch die geistige Gesundheit der Menschen steht f\u00fcr sie im Vordergrund. Profit scheint auch hier eine \u00fcbergeordnete Rolle zu spielen.<\/p>\n<p>So \u00fcberfluten wir unseren K\u00f6rper t\u00e4glich mit zerst\u00f6rerischen Nahrungsmitteln und Nahrungsmittelzus\u00e4tzen, welches nach unz\u00e4hligen Jahren der Misshandlung Konsequenzen haben muss. Sogenannte Zivilisationskrankheiten wie, Krebs, Herz-Kreislauf Erkrankungen, arthrotische Ver\u00e4nderungen und Diabetes, um nur einige zu nennen, sind die Folgen.<\/p>\n<p>Bequemerweise ist unser \u201cGesundheitssystem\u201d so ausgerichtet, dass prim\u00e4r Krankheitssymptome und nicht ihre wirklichen Ursachen behandelt werden, so dass dadurch dieses Betrugssystem weiter unterst\u00fctzt wird.<\/p>\n<p>Kommerziell produziertes Obst und Gem\u00fcse w\u00e4chst in missbrauchter, verf\u00e4lschter, ausgelaugter und mineralarmer Erde, welche angereichert wird mit giftigen chemisch-synthetischen D\u00fcngern. Die Gifte werden absorbiert von den Pflanzen, die wir dort anbauen.<\/p>\n<p>Diese Produkte, welche alle so sch\u00f6n aussehen im Supermarkt, sind zus\u00e4tzlich stark bespr\u00fcht mit Pestiziden, Herbiziden und anderen Toxinen welche nicht nur Unkraut und Ungeziefer t\u00f6ten, sondern auch uns, St\u00fcck f\u00fcr St\u00fcck mit jedem Bissen.<\/p>\n<p>Genau genommen hat jeder auf unserem Planet, einschlie\u00dflich unserer Tiere, nachweislich toxische Pestizidr\u00fcckst\u00e4nde im K\u00f6rper, welche unsere Zellen verseuchen und irritieren. Abwaschen alleine ist sehr uneffektiv und wird nur einen geringen Bruchteil an der Oberfl\u00e4che entfernen.<\/p>\n<p>Das ist die Nahrung, welche wir heutzutage zu uns nehmen!!!<\/p>\n<p>Die kommerzielle Nahrungsmittelindustrie ist nicht unser Freund und sie guckt nicht nach unserem besten Interesse. Sie \u00fcberh\u00e4uft uns mit gesund klingenden Modeworten und Formulierungen, aber f\u00fcr den gr\u00f6\u00dften Teil versucht sie unsere Aufmerksamkeit zu erregen, um uns billigen, zerst\u00f6rerischen und n\u00e4hrstofflosen M\u00fcll zu verkaufen.<\/p>\n<p>Egal wieviele farbig schick gestaltete Etiketten und raffinierte Worte auf einer Verpackung sind, lies die Zutaten und kenne sie. Kenne ihre ganze Geschichte!<\/p>\n<p>Die Fakten :<\/p>\n<p>400.000.000 Tonnen Chemikalien werden jedes Jahr produziert,<\/p>\n<p>140.000 Tonnen Pestizide werden jedes Jahr in Europa verspr\u00fcht!<\/p>\n<p><img decoding=\"async\" loading=\"lazy\" class=\" wp-image-1018 alignnone\" src=\"http:\/\/paraoa-freediving.com\/wp-content\/uploads\/2018\/01\/causes-of-death2-300x153.jpg\" alt=\"\" width=\"517\" height=\"264\" srcset=\"https:\/\/paraoa-freediving.com\/wp-content\/uploads\/2018\/01\/causes-of-death2-300x153.jpg 300w, https:\/\/paraoa-freediving.com\/wp-content\/uploads\/2018\/01\/causes-of-death2-768x391.jpg 768w, https:\/\/paraoa-freediving.com\/wp-content\/uploads\/2018\/01\/causes-of-death2.jpg 800w\" sizes=\"(max-width: 517px) 100vw, 517px\" \/><\/p>\n<p>Wenn unsere korrupten Regierungen die Anwendung von gentechnisch ver\u00e4nderten Organismen (GMO\u2019s) nicht stoppen, prognostiziere ich, dass Krebs und andere damit verbundene Krankheiten exponentiell ansteigen werden!<\/p>\n<p><span id=\"result_box\" class=\"\" lang=\"de\"><span class=\"\">Die einzigen Tiere die wirklich krank werden im Tierreich sind wir, und die Tiere die wir f\u00fcttern.<\/span> Sagt<span class=\"\"> dir das nicht etwas?<\/span><\/span><\/p>\n<p align=\"center\">Hauptteil :<\/p>\n<p>Ich bin mir bewusst, dass ich nicht alle Nahrungsmittel und Nahrungsmittelzus\u00e4tze auff\u00fchren kann, welche ihr aus eurem Leben verbannen solltet, aber mit diesem Artikel ist ein erster guter Schritt getan, um diese Schadstoffzufuhr zu verringern.<\/p>\n<p>Die Rede ist in Teil 1 von :<\/p>\n<p><span style=\"color: #4869c2;\"><a style=\"color: #4869c2;\" href=\"http:\/\/paraoa-freediving.com\/de\/about\/avoid-1\/speiseoele\/\" target=\"_blank\" rel=\"noopener\">1. Speise\u00f6le <\/a><\/span><\/p>\n<p><span style=\"color: #4869c2;\"><a style=\"color: #4869c2;\" href=\"http:\/\/paraoa-freediving.com\/de\/about\/avoid-1\/auszugsmehle\/\" target=\"_blank\" rel=\"noopener\">2. Auszugsmehle<\/a><\/span><\/p>\n<p><span style=\"color: #4869c2;\"><a style=\"color: #4869c2;\" href=\"http:\/\/paraoa-freediving.com\/de\/about\/avoid-1\/haushaltszucker\/\" target=\"_blank\" rel=\"noopener\">3. Haushaltszucker<\/a><\/span><\/p>\n<p><span style=\"color: #4869c2;\"><a style=\"color: #4869c2;\" href=\"http:\/\/paraoa-freediving.com\/de\/about\/avoid-1\/tafelsalz\/\" target=\"_blank\" rel=\"noopener\">4. Tafelsalz<\/a><\/span><\/p>\n<p><span style=\"color: #4869c2;\"><a style=\"color: #4869c2;\" href=\"http:\/\/paraoa-freediving.com\/de\/about\/avoid-1\/hormone-plastik-und-umwelt\/\" target=\"_blank\" rel=\"noopener\">5. Hormone in Plastik und Umwelt<\/a><\/span><\/p>\n<p>Im zweiten Teil werde ich \u00fcber :<\/p>\n<p>Pestizide, Geschmacksverst\u00e4rker, Farbstoffe, Konservierungsmittel, Antioxidationsmittel, Emulgatoren, Stabilisatoren, S\u00e4urungsmittel, Gelier -und Verdickungsmittel, Anstrichmittel und gentechnisch ver\u00e4nderter Nahrung sprechen.<\/p>\n","protected":false},"excerpt":{"rendered":"<p>Tipps f\u00fcr ein ges\u00fcnderen Lebensstil Vorwort : Wir leben in einem Zeitalter des Betruges, nicht nur in den Bereichen Banken, Regierung, Ausbildung, Religion, Information und Gesundheitswesen, sondern auch im Bereich unserer Nahrung. Ern\u00e4hrung steht in enger Verbindung mit unserem h\u00f6chsten Gut, unserer Gesundheit. Leider hinterfragen wir aus den vielf\u00e4ltigsten Gr\u00fcnden nicht genug die Praktiken der [&hellip;]<\/p>\n","protected":false},"author":2,"featured_media":0,"parent":176,"menu_order":40,"comment_status":"closed","ping_status":"closed","template":"","meta":[],"yoast_head":"<!-- This site is optimized with the Yoast SEO plugin v19.14 - https:\/\/yoast.com\/wordpress\/plugins\/seo\/ -->\n<title>Vermeide 1 | Par\u0101oa Freediving in Moalboal Philippines<\/title>\n<meta name=\"description\" content=\"Ich bin mir bewusst, dass ich nicht alle Nahrungsmittel und Nahrungsmittelzus\u00e4tze auff\u00fchren kann, welche ihr aus eurem Leben verbannen solltet, aber mit diesem Artikel ist ein erster guter Schritt getan, um diese Schadstoffzufuhr zu verringern...\" \/>\n<meta name=\"robots\" content=\"index, follow, max-snippet:-1, max-image-preview:large, max-video-preview:-1\" \/>\n<link rel=\"canonical\" href=\"https:\/\/paraoa-freediving.com\/de\/about\/avoid-1\/\" \/>\n<meta property=\"og:locale\" content=\"de_DE\" \/>\n<meta property=\"og:type\" content=\"article\" \/>\n<meta property=\"og:title\" content=\"Vermeide 1 | Par\u0101oa Freediving in Moalboal Philippines\" \/>\n<meta property=\"og:description\" content=\"Ich bin mir bewusst, dass ich nicht alle Nahrungsmittel und Nahrungsmittelzus\u00e4tze auff\u00fchren kann, welche ihr aus eurem Leben verbannen solltet, aber mit diesem Artikel ist ein erster guter Schritt getan, um diese Schadstoffzufuhr zu verringern...\" \/>\n<meta property=\"og:url\" content=\"https:\/\/paraoa-freediving.com\/de\/about\/avoid-1\/\" \/>\n<meta property=\"og:site_name\" content=\"Par\u0101oa Freediving in Moalboal Philippines\" \/>\n<meta property=\"article:modified_time\" content=\"2018-10-03T06:38:12+00:00\" \/>\n<meta property=\"og:image\" content=\"http:\/\/paraoa-freediving.com\/wp-content\/uploads\/2018\/01\/causes-of-death2-300x153.jpg\" \/>\n<meta name=\"twitter:card\" content=\"summary_large_image\" \/>\n<meta name=\"twitter:label1\" content=\"Gesch\u00e4tzte Lesezeit\" \/>\n\t<meta name=\"twitter:data1\" content=\"3 Minuten\" \/>\n<script type=\"application\/ld+json\" class=\"yoast-schema-graph\">{\"@context\":\"https:\/\/schema.org\",\"@graph\":[{\"@type\":\"WebPage\",\"@id\":\"https:\/\/paraoa-freediving.com\/de\/about\/avoid-1\/\",\"url\":\"https:\/\/paraoa-freediving.com\/de\/about\/avoid-1\/\",\"name\":\"Vermeide 1 | Par\u0101oa Freediving in Moalboal Philippines\",\"isPartOf\":{\"@id\":\"https:\/\/paraoa-freediving.com\/#website\"},\"datePublished\":\"2017-07-14T09:26:18+00:00\",\"dateModified\":\"2018-10-03T06:38:12+00:00\",\"description\":\"Ich bin mir bewusst, dass ich nicht alle Nahrungsmittel und Nahrungsmittelzus\u00e4tze auff\u00fchren kann, welche ihr aus eurem Leben verbannen solltet, aber mit diesem Artikel ist ein erster guter Schritt getan, um diese Schadstoffzufuhr zu verringern...\",\"breadcrumb\":{\"@id\":\"https:\/\/paraoa-freediving.com\/de\/about\/avoid-1\/#breadcrumb\"},\"inLanguage\":\"de-DE\",\"potentialAction\":[{\"@type\":\"ReadAction\",\"target\":[\"https:\/\/paraoa-freediving.com\/de\/about\/avoid-1\/\"]}]},{\"@type\":\"BreadcrumbList\",\"@id\":\"https:\/\/paraoa-freediving.com\/de\/about\/avoid-1\/#breadcrumb\",\"itemListElement\":[{\"@type\":\"ListItem\",\"position\":1,\"name\":\"Home\",\"item\":\"https:\/\/paraoa-freediving.com\/de\/\"},{\"@type\":\"ListItem\",\"position\":2,\"name\":\"\u00dcber\",\"item\":\"https:\/\/paraoa-freediving.com\/de\/about\/\"},{\"@type\":\"ListItem\",\"position\":3,\"name\":\"Vermeide 1\"}]},{\"@type\":\"WebSite\",\"@id\":\"https:\/\/paraoa-freediving.com\/#website\",\"url\":\"https:\/\/paraoa-freediving.com\/\",\"name\":\"Par\u0101oa Freediving in Moalboal Philippines\",\"description\":\"Learn to Freedive in Moalboal Philippines\",\"potentialAction\":[{\"@type\":\"SearchAction\",\"target\":{\"@type\":\"EntryPoint\",\"urlTemplate\":\"https:\/\/paraoa-freediving.com\/?s={search_term_string}\"},\"query-input\":\"required name=search_term_string\"}],\"inLanguage\":\"de-DE\"}]}<\/script>\n<!-- \/ Yoast SEO plugin. -->","yoast_head_json":{"title":"Vermeide 1 | Par\u0101oa Freediving in Moalboal Philippines","description":"Ich bin mir bewusst, dass ich nicht alle Nahrungsmittel und Nahrungsmittelzus\u00e4tze auff\u00fchren kann, welche ihr aus eurem Leben verbannen solltet, aber mit diesem Artikel ist ein erster guter Schritt getan, um diese Schadstoffzufuhr zu verringern...","robots":{"index":"index","follow":"follow","max-snippet":"max-snippet:-1","max-image-preview":"max-image-preview:large","max-video-preview":"max-video-preview:-1"},"canonical":"https:\/\/paraoa-freediving.com\/de\/about\/avoid-1\/","og_locale":"de_DE","og_type":"article","og_title":"Vermeide 1 | Par\u0101oa Freediving in Moalboal Philippines","og_description":"Ich bin mir bewusst, dass ich nicht alle Nahrungsmittel und Nahrungsmittelzus\u00e4tze auff\u00fchren kann, welche ihr aus eurem Leben verbannen solltet, aber mit diesem Artikel ist ein erster guter Schritt getan, um diese Schadstoffzufuhr zu verringern...","og_url":"https:\/\/paraoa-freediving.com\/de\/about\/avoid-1\/","og_site_name":"Par\u0101oa Freediving in Moalboal Philippines","article_modified_time":"2018-10-03T06:38:12+00:00","og_image":[{"url":"http:\/\/paraoa-freediving.com\/wp-content\/uploads\/2018\/01\/causes-of-death2-300x153.jpg"}],"twitter_card":"summary_large_image","twitter_misc":{"Gesch\u00e4tzte Lesezeit":"3 Minuten"},"schema":{"@context":"https:\/\/schema.org","@graph":[{"@type":"WebPage","@id":"https:\/\/paraoa-freediving.com\/de\/about\/avoid-1\/","url":"https:\/\/paraoa-freediving.com\/de\/about\/avoid-1\/","name":"Vermeide 1 | Par\u0101oa Freediving in Moalboal Philippines","isPartOf":{"@id":"https:\/\/paraoa-freediving.com\/#website"},"datePublished":"2017-07-14T09:26:18+00:00","dateModified":"2018-10-03T06:38:12+00:00","description":"Ich bin mir bewusst, dass ich nicht alle Nahrungsmittel und Nahrungsmittelzus\u00e4tze auff\u00fchren kann, welche ihr aus eurem Leben verbannen solltet, aber mit diesem Artikel ist ein erster guter Schritt getan, um diese Schadstoffzufuhr zu verringern...","breadcrumb":{"@id":"https:\/\/paraoa-freediving.com\/de\/about\/avoid-1\/#breadcrumb"},"inLanguage":"de-DE","potentialAction":[{"@type":"ReadAction","target":["https:\/\/paraoa-freediving.com\/de\/about\/avoid-1\/"]}]},{"@type":"BreadcrumbList","@id":"https:\/\/paraoa-freediving.com\/de\/about\/avoid-1\/#breadcrumb","itemListElement":[{"@type":"ListItem","position":1,"name":"Home","item":"https:\/\/paraoa-freediving.com\/de\/"},{"@type":"ListItem","position":2,"name":"\u00dcber","item":"https:\/\/paraoa-freediving.com\/de\/about\/"},{"@type":"ListItem","position":3,"name":"Vermeide 1"}]},{"@type":"WebSite","@id":"https:\/\/paraoa-freediving.com\/#website","url":"https:\/\/paraoa-freediving.com\/","name":"Par\u0101oa Freediving in Moalboal Philippines","description":"Learn to Freedive in Moalboal Philippines","potentialAction":[{"@type":"SearchAction","target":{"@type":"EntryPoint","urlTemplate":"https:\/\/paraoa-freediving.com\/?s={search_term_string}"},"query-input":"required name=search_term_string"}],"inLanguage":"de-DE"}]}},"_links":{"self":[{"href":"https:\/\/paraoa-freediving.com\/de\/wp-json\/wp\/v2\/pages\/694"}],"collection":[{"href":"https:\/\/paraoa-freediving.com\/de\/wp-json\/wp\/v2\/pages"}],"about":[{"href":"https:\/\/paraoa-freediving.com\/de\/wp-json\/wp\/v2\/types\/page"}],"author":[{"embeddable":true,"href":"https:\/\/paraoa-freediving.com\/de\/wp-json\/wp\/v2\/users\/2"}],"replies":[{"embeddable":true,"href":"https:\/\/paraoa-freediving.com\/de\/wp-json\/wp\/v2\/comments?post=694"}],"version-history":[{"count":137,"href":"https:\/\/paraoa-freediving.com\/de\/wp-json\/wp\/v2\/pages\/694\/revisions"}],"predecessor-version":[{"id":1529,"href":"https:\/\/paraoa-freediving.com\/de\/wp-json\/wp\/v2\/pages\/694\/revisions\/1529"}],"up":[{"embeddable":true,"href":"https:\/\/paraoa-freediving.com\/de\/wp-json\/wp\/v2\/pages\/176"}],"wp:attachment":[{"href":"https:\/\/paraoa-freediving.com\/de\/wp-json\/wp\/v2\/media?parent=694"}],"curies":[{"name":"wp","href":"https:\/\/api.w.org\/{rel}","templated":true}]}}